{"id":241162,"date":"2026-04-30T12:36:47","date_gmt":"2026-04-30T10:36:47","guid":{"rendered":"https:\/\/aikido-ychoux.com\/index.php\/produit\/t-shirt-unisexe-en-coton-biologique-creator-2-0\/"},"modified":"2026-04-30T12:37:26","modified_gmt":"2026-04-30T10:37:26","slug":"t-shirt-unisexe-en-coton-biologique-creator-2-0","status":"publish","type":"product","link":"https:\/\/aikido-ychoux.com\/index.php\/produit\/t-shirt-unisexe-en-coton-biologique-creator-2-0\/","title":{"rendered":"T-shirt unisexe en coton biologique Creator 2.0"},"content":{"rendered":"<p>Fabriqu\u00e9 \u00e0 partir de 100 % de coton biologique fil\u00e9 \u00e0 l&rsquo;anneau, ce t-shirt unisexe est un incontournable. Il est de haute qualit\u00e9, super confortable et, surtout, \u00c9cologique. <\/p>\n<p> \u2022 100 % coton biologique fil\u00e9 \u00e0 l&rsquo;anneau <br \/>\n \u2022 Poids du tissu : 5,3 oz\/yd\u00b2 (180 g\/m\u00b2) <br \/>\n \u2022 Jersey simple <br \/>\n \u2022 Coupe moyenne <br \/>\n \u2022 Manches mont\u00e9es <br \/>\n \u2022 C\u00f4te 1 \u00d7 1 au col <br \/>\n \u2022 Large surpiq\u00fbre \u00e0 double aiguille sur les manches et les ourlets inf\u00e9rieurs <br \/>\n \u2022 Bande de propret\u00e9 dans le m\u00eame tissu (int\u00e9rieur, arri\u00e8re du cou) <br \/>\n \u2022 Le tissu de ce produit est certifi\u00e9 pour sa teneur en coton biologique conform\u00e9ment \u00e0 GOTS (Global Organic Textile Standard) et OCS (Organic Content Standard) <br \/>\n \u2022 Le tissu de ce produit est certifi\u00e9 OEKO-TEX\u00ae STANDARD 100 (certificat n\u00b0 1112055, Centexbel). Le produit est \u00e9galement v\u00e9g\u00e9talien et approuv\u00e9 par PETA. <br \/>\n \u2022 Produit vierge provenant du Bangladesh <\/p>\n<p>Les tailles correspondent \u00e0 une taille plus petite sur le march\u00e9 des \u00c9tats-Unis, les clients des \u00c9tats-Unis doivent donc commander une taille sup\u00e9rieure.<\/p>\n<p>Age restrictions: Pour les adultes<br \/>\nEU Warranty: 2\u00a0ans<br \/>\nOther compliance information: R\u00e9pond aux exigences REACH de l&rsquo;UE.<\/p>\n<p>En conformit\u00e9 avec le R\u00e8glement pour la S\u00e9curit\u00e9 G\u00e9n\u00e9rale des Produits (RSGP), <b>Oak inc.<\/b> et <b>SINDEN VENTURES LIMITED<\/b>garantissent que tous les produits de consommation propos\u00e9s sont s\u00fbrs et conformes aux normes de l&rsquo;UE. Pour toutes questions ou pr\u00e9occupations concernant les mesures de s\u00e9curit\u00e9 des produits, veuillez contacter notre repr\u00e9sentant europ\u00e9en \u00e0 <b>gpsr@sindenventures.com<\/b>. Vous pouvez \u00e9galement nous \u00e9crire \u00e0 <b>123 Main Street, Anytown, Country<\/b> ou <b>Markou Evgenikou 11, Mesa Geitonia, 4002, Limassol, Cyprus.<b \/><\/p>\n","protected":false},"excerpt":{"rendered":"<p>Fabriqu\u00e9 \u00e0 partir de 100 % de coton biologique fil\u00e9 \u00e0 l&rsquo;anneau, ce t-shirt unisexe est un incontournable. Il est de haute qualit\u00e9, super confortable et, surtout, \u00c9cologique. \u2022 100 % coton biologique fil\u00e9 \u00e0 l&rsquo;anneau \u2022 Poids du tissu : 5,3 oz\/yd\u00b2 (180 g\/m\u00b2) \u2022 Jersey simple \u2022 Coupe moyenne \u2022 Manches mont\u00e9es \u2022 [&hellip;]<\/p>\n","protected":false},"featured_media":241171,"template":"","meta":[],"product_brand":[],"product_cat":[113,115],"product_tag":[],"class_list":{"0":"post-241162","1":"product","2":"type-product","3":"status-publish","4":"has-post-thumbnail","6":"product_cat-hommes","7":"product_cat-vetements","9":"first","10":"instock","11":"shipping-taxable","12":"purchasable","13":"product-type-variable"},"yoast_head":"<!-- This site is optimized with the Yoast SEO plugin v27.5 - https:\/\/yoast.com\/product\/yoast-seo-wordpress\/ -->\n<title>T-shirt unisexe en coton biologique Creator 2.0 - A\u00efkido Ychoux<\/title>\n<meta name=\"robots\" content=\"index, follow, max-snippet:-1, max-image-preview:large, max-video-preview:-1\" \/>\n<link rel=\"canonical\" href=\"https:\/\/aikido-ychoux.com\/index.php\/produit\/t-shirt-unisexe-en-coton-biologique-creator-2-0\/\" \/>\n<meta property=\"og:locale\" content=\"fr_FR\" \/>\n<meta property=\"og:type\" content=\"article\" \/>\n<meta property=\"og:title\" content=\"T-shirt unisexe en coton biologique Creator 2.0 - A\u00efkido Ychoux\" \/>\n<meta property=\"og:description\" content=\"Fabriqu\u00e9 \u00e0 partir de 100 % de coton biologique fil\u00e9 \u00e0 l&rsquo;anneau, ce t-shirt unisexe est un incontournable. Il est de haute qualit\u00e9, super confortable et, surtout, \u00c9cologique. \u2022 100 % coton biologique fil\u00e9 \u00e0 l&rsquo;anneau \u2022 Poids du tissu : 5,3 oz\/yd\u00b2 (180 g\/m\u00b2) \u2022 Jersey simple \u2022 Coupe moyenne \u2022 Manches mont\u00e9es \u2022 [&hellip;]\" \/>\n<meta property=\"og:url\" content=\"https:\/\/aikido-ychoux.com\/index.php\/produit\/t-shirt-unisexe-en-coton-biologique-creator-2-0\/\" \/>\n<meta property=\"og:site_name\" content=\"A\u00efkido Ychoux\" \/>\n<meta property=\"article:publisher\" content=\"https:\/\/www.facebook.com\/budoclubychoux\/\" \/>\n<meta property=\"article:modified_time\" content=\"2026-04-30T10:37:26+00:00\" \/>\n<meta property=\"og:image\" content=\"https:\/\/aikido-ychoux.com\/wp-content\/uploads\/2026\/04\/unisex-organic-cotton-creator-2.0-t-shirt-black-front-69f330ade6114.jpg\" \/>\n\t<meta property=\"og:image:width\" content=\"2000\" \/>\n\t<meta property=\"og:image:height\" content=\"2000\" \/>\n\t<meta property=\"og:image:type\" content=\"image\/jpeg\" \/>\n<meta name=\"twitter:card\" content=\"summary_large_image\" \/>\n<meta name=\"twitter:label1\" content=\"Dur\u00e9e de lecture estim\u00e9e\" \/>\n\t<meta name=\"twitter:data1\" content=\"1 minute\" \/>\n<script type=\"application\/ld+json\" class=\"yoast-schema-graph\">{\"@context\":\"https:\\\/\\\/schema.org\",\"@graph\":[{\"@type\":\"WebPage\",\"@id\":\"https:\\\/\\\/aikido-ychoux.com\\\/index.php\\\/produit\\\/t-shirt-unisexe-en-coton-biologique-creator-2-0\\\/\",\"url\":\"https:\\\/\\\/aikido-ychoux.com\\\/index.php\\\/produit\\\/t-shirt-unisexe-en-coton-biologique-creator-2-0\\\/\",\"name\":\"T-shirt unisexe en coton biologique Creator 2.0 - A\u00efkido Ychoux\",\"isPartOf\":{\"@id\":\"https:\\\/\\\/aikido-ychoux.com\\\/#website\"},\"primaryImageOfPage\":{\"@id\":\"https:\\\/\\\/aikido-ychoux.com\\\/index.php\\\/produit\\\/t-shirt-unisexe-en-coton-biologique-creator-2-0\\\/#primaryimage\"},\"image\":{\"@id\":\"https:\\\/\\\/aikido-ychoux.com\\\/index.php\\\/produit\\\/t-shirt-unisexe-en-coton-biologique-creator-2-0\\\/#primaryimage\"},\"thumbnailUrl\":\"https:\\\/\\\/aikido-ychoux.com\\\/wp-content\\\/uploads\\\/2026\\\/04\\\/unisex-organic-cotton-creator-2.0-t-shirt-black-front-69f330ade6114.jpg\",\"datePublished\":\"2026-04-30T10:36:47+00:00\",\"dateModified\":\"2026-04-30T10:37:26+00:00\",\"breadcrumb\":{\"@id\":\"https:\\\/\\\/aikido-ychoux.com\\\/index.php\\\/produit\\\/t-shirt-unisexe-en-coton-biologique-creator-2-0\\\/#breadcrumb\"},\"inLanguage\":\"fr-FR\",\"potentialAction\":[{\"@type\":\"ReadAction\",\"target\":[\"https:\\\/\\\/aikido-ychoux.com\\\/index.php\\\/produit\\\/t-shirt-unisexe-en-coton-biologique-creator-2-0\\\/\"]}]},{\"@type\":\"ImageObject\",\"inLanguage\":\"fr-FR\",\"@id\":\"https:\\\/\\\/aikido-ychoux.com\\\/index.php\\\/produit\\\/t-shirt-unisexe-en-coton-biologique-creator-2-0\\\/#primaryimage\",\"url\":\"https:\\\/\\\/aikido-ychoux.com\\\/wp-content\\\/uploads\\\/2026\\\/04\\\/unisex-organic-cotton-creator-2.0-t-shirt-black-front-69f330ade6114.jpg\",\"contentUrl\":\"https:\\\/\\\/aikido-ychoux.com\\\/wp-content\\\/uploads\\\/2026\\\/04\\\/unisex-organic-cotton-creator-2.0-t-shirt-black-front-69f330ade6114.jpg\",\"width\":2000,\"height\":2000},{\"@type\":\"BreadcrumbList\",\"@id\":\"https:\\\/\\\/aikido-ychoux.com\\\/index.php\\\/produit\\\/t-shirt-unisexe-en-coton-biologique-creator-2-0\\\/#breadcrumb\",\"itemListElement\":[{\"@type\":\"ListItem\",\"position\":1,\"name\":\"Accueil\",\"item\":\"https:\\\/\\\/aikido-ychoux.com\\\/\"},{\"@type\":\"ListItem\",\"position\":2,\"name\":\"Boutique\",\"item\":\"https:\\\/\\\/aikido-ychoux.com\\\/index.php\\\/boutique\\\/\"},{\"@type\":\"ListItem\",\"position\":3,\"name\":\"T-shirt unisexe en coton biologique Creator 2.0\"}]},{\"@type\":\"WebSite\",\"@id\":\"https:\\\/\\\/aikido-ychoux.com\\\/#website\",\"url\":\"https:\\\/\\\/aikido-ychoux.com\\\/\",\"name\":\"A\u00efkido Ychoux\",\"description\":\"Le site officiel du club d&#039;A\u00efkido de la ville d&#039;Ychoux\",\"publisher\":{\"@id\":\"https:\\\/\\\/aikido-ychoux.com\\\/#organization\"},\"potentialAction\":[{\"@type\":\"SearchAction\",\"target\":{\"@type\":\"EntryPoint\",\"urlTemplate\":\"https:\\\/\\\/aikido-ychoux.com\\\/?s={search_term_string}\"},\"query-input\":{\"@type\":\"PropertyValueSpecification\",\"valueRequired\":true,\"valueName\":\"search_term_string\"}}],\"inLanguage\":\"fr-FR\"},{\"@type\":\"Organization\",\"@id\":\"https:\\\/\\\/aikido-ychoux.com\\\/#organization\",\"name\":\"Budo Club Ychoussois\",\"url\":\"https:\\\/\\\/aikido-ychoux.com\\\/\",\"logo\":{\"@type\":\"ImageObject\",\"inLanguage\":\"fr-FR\",\"@id\":\"https:\\\/\\\/aikido-ychoux.com\\\/#\\\/schema\\\/logo\\\/image\\\/\",\"url\":\"https:\\\/\\\/aikido-ychoux.com\\\/wp-content\\\/uploads\\\/2017\\\/08\\\/cropped-cercleYchouxCOL.png\",\"contentUrl\":\"https:\\\/\\\/aikido-ychoux.com\\\/wp-content\\\/uploads\\\/2017\\\/08\\\/cropped-cercleYchouxCOL.png\",\"width\":512,\"height\":512,\"caption\":\"Budo Club Ychoussois\"},\"image\":{\"@id\":\"https:\\\/\\\/aikido-ychoux.com\\\/#\\\/schema\\\/logo\\\/image\\\/\"},\"sameAs\":[\"https:\\\/\\\/www.facebook.com\\\/budoclubychoux\\\/\"]}]}<\/script>\n<!-- \/ Yoast SEO plugin. -->","yoast_head_json":{"title":"T-shirt unisexe en coton biologique Creator 2.0 - A\u00efkido Ychoux","robots":{"index":"index","follow":"follow","max-snippet":"max-snippet:-1","max-image-preview":"max-image-preview:large","max-video-preview":"max-video-preview:-1"},"canonical":"https:\/\/aikido-ychoux.com\/index.php\/produit\/t-shirt-unisexe-en-coton-biologique-creator-2-0\/","og_locale":"fr_FR","og_type":"article","og_title":"T-shirt unisexe en coton biologique Creator 2.0 - A\u00efkido Ychoux","og_description":"Fabriqu\u00e9 \u00e0 partir de 100 % de coton biologique fil\u00e9 \u00e0 l&rsquo;anneau, ce t-shirt unisexe est un incontournable. Il est de haute qualit\u00e9, super confortable et, surtout, \u00c9cologique. \u2022 100 % coton biologique fil\u00e9 \u00e0 l&rsquo;anneau \u2022 Poids du tissu : 5,3 oz\/yd\u00b2 (180 g\/m\u00b2) \u2022 Jersey simple \u2022 Coupe moyenne \u2022 Manches mont\u00e9es \u2022 [&hellip;]","og_url":"https:\/\/aikido-ychoux.com\/index.php\/produit\/t-shirt-unisexe-en-coton-biologique-creator-2-0\/","og_site_name":"A\u00efkido Ychoux","article_publisher":"https:\/\/www.facebook.com\/budoclubychoux\/","article_modified_time":"2026-04-30T10:37:26+00:00","og_image":[{"width":2000,"height":2000,"url":"https:\/\/aikido-ychoux.com\/wp-content\/uploads\/2026\/04\/unisex-organic-cotton-creator-2.0-t-shirt-black-front-69f330ade6114.jpg","type":"image\/jpeg"}],"twitter_card":"summary_large_image","twitter_misc":{"Dur\u00e9e de lecture estim\u00e9e":"1 minute"},"schema":{"@context":"https:\/\/schema.org","@graph":[{"@type":"WebPage","@id":"https:\/\/aikido-ychoux.com\/index.php\/produit\/t-shirt-unisexe-en-coton-biologique-creator-2-0\/","url":"https:\/\/aikido-ychoux.com\/index.php\/produit\/t-shirt-unisexe-en-coton-biologique-creator-2-0\/","name":"T-shirt unisexe en coton biologique Creator 2.0 - A\u00efkido Ychoux","isPartOf":{"@id":"https:\/\/aikido-ychoux.com\/#website"},"primaryImageOfPage":{"@id":"https:\/\/aikido-ychoux.com\/index.php\/produit\/t-shirt-unisexe-en-coton-biologique-creator-2-0\/#primaryimage"},"image":{"@id":"https:\/\/aikido-ychoux.com\/index.php\/produit\/t-shirt-unisexe-en-coton-biologique-creator-2-0\/#primaryimage"},"thumbnailUrl":"https:\/\/aikido-ychoux.com\/wp-content\/uploads\/2026\/04\/unisex-organic-cotton-creator-2.0-t-shirt-black-front-69f330ade6114.jpg","datePublished":"2026-04-30T10:36:47+00:00","dateModified":"2026-04-30T10:37:26+00:00","breadcrumb":{"@id":"https:\/\/aikido-ychoux.com\/index.php\/produit\/t-shirt-unisexe-en-coton-biologique-creator-2-0\/#breadcrumb"},"inLanguage":"fr-FR","potentialAction":[{"@type":"ReadAction","target":["https:\/\/aikido-ychoux.com\/index.php\/produit\/t-shirt-unisexe-en-coton-biologique-creator-2-0\/"]}]},{"@type":"ImageObject","inLanguage":"fr-FR","@id":"https:\/\/aikido-ychoux.com\/index.php\/produit\/t-shirt-unisexe-en-coton-biologique-creator-2-0\/#primaryimage","url":"https:\/\/aikido-ychoux.com\/wp-content\/uploads\/2026\/04\/unisex-organic-cotton-creator-2.0-t-shirt-black-front-69f330ade6114.jpg","contentUrl":"https:\/\/aikido-ychoux.com\/wp-content\/uploads\/2026\/04\/unisex-organic-cotton-creator-2.0-t-shirt-black-front-69f330ade6114.jpg","width":2000,"height":2000},{"@type":"BreadcrumbList","@id":"https:\/\/aikido-ychoux.com\/index.php\/produit\/t-shirt-unisexe-en-coton-biologique-creator-2-0\/#breadcrumb","itemListElement":[{"@type":"ListItem","position":1,"name":"Accueil","item":"https:\/\/aikido-ychoux.com\/"},{"@type":"ListItem","position":2,"name":"Boutique","item":"https:\/\/aikido-ychoux.com\/index.php\/boutique\/"},{"@type":"ListItem","position":3,"name":"T-shirt unisexe en coton biologique Creator 2.0"}]},{"@type":"WebSite","@id":"https:\/\/aikido-ychoux.com\/#website","url":"https:\/\/aikido-ychoux.com\/","name":"A\u00efkido Ychoux","description":"Le site officiel du club d&#039;A\u00efkido de la ville d&#039;Ychoux","publisher":{"@id":"https:\/\/aikido-ychoux.com\/#organization"},"potentialAction":[{"@type":"SearchAction","target":{"@type":"EntryPoint","urlTemplate":"https:\/\/aikido-ychoux.com\/?s={search_term_string}"},"query-input":{"@type":"PropertyValueSpecification","valueRequired":true,"valueName":"search_term_string"}}],"inLanguage":"fr-FR"},{"@type":"Organization","@id":"https:\/\/aikido-ychoux.com\/#organization","name":"Budo Club Ychoussois","url":"https:\/\/aikido-ychoux.com\/","logo":{"@type":"ImageObject","inLanguage":"fr-FR","@id":"https:\/\/aikido-ychoux.com\/#\/schema\/logo\/image\/","url":"https:\/\/aikido-ychoux.com\/wp-content\/uploads\/2017\/08\/cropped-cercleYchouxCOL.png","contentUrl":"https:\/\/aikido-ychoux.com\/wp-content\/uploads\/2017\/08\/cropped-cercleYchouxCOL.png","width":512,"height":512,"caption":"Budo Club Ychoussois"},"image":{"@id":"https:\/\/aikido-ychoux.com\/#\/schema\/logo\/image\/"},"sameAs":["https:\/\/www.facebook.com\/budoclubychoux\/"]}]}},"_links":{"self":[{"href":"https:\/\/aikido-ychoux.com\/index.php\/wp-json\/wp\/v2\/product\/241162","targetHints":{"allow":["GET"]}}],"collection":[{"href":"https:\/\/aikido-ychoux.com\/index.php\/wp-json\/wp\/v2\/product"}],"about":[{"href":"https:\/\/aikido-ychoux.com\/index.php\/wp-json\/wp\/v2\/types\/product"}],"wp:featuredmedia":[{"embeddable":true,"href":"https:\/\/aikido-ychoux.com\/index.php\/wp-json\/wp\/v2\/media\/241171"}],"wp:attachment":[{"href":"https:\/\/aikido-ychoux.com\/index.php\/wp-json\/wp\/v2\/media?parent=241162"}],"wp:term":[{"taxonomy":"product_brand","embeddable":true,"href":"https:\/\/aikido-ychoux.com\/index.php\/wp-json\/wp\/v2\/product_brand?post=241162"},{"taxonomy":"product_cat","embeddable":true,"href":"https:\/\/aikido-ychoux.com\/index.php\/wp-json\/wp\/v2\/product_cat?post=241162"},{"taxonomy":"product_tag","embeddable":true,"href":"https:\/\/aikido-ychoux.com\/index.php\/wp-json\/wp\/v2\/product_tag?post=241162"}],"curies":[{"name":"wp","href":"https:\/\/api.w.org\/{rel}","templated":true}]}}