{"id":240662,"date":"2024-06-07T10:24:03","date_gmt":"2024-06-07T08:24:03","guid":{"rendered":"https:\/\/aikido-ychoux.com\/index.php\/produit\/brassiere-de-sport-longue\/"},"modified":"2024-06-07T10:24:40","modified_gmt":"2024-06-07T08:24:40","slug":"brassiere-de-sport-longue","status":"publish","type":"product","link":"https:\/\/aikido-ychoux.com\/index.php\/produit\/brassiere-de-sport-longue\/","title":{"rendered":"Brassi\u00e8re de sport longue"},"content":{"rendered":"<p>Cette brassi\u00e8re de sport est le haut d\u2019entra\u00eenement parfait pour l\u2019exercice. Le tissu de compression ainsi que le devant \u00e0 double \u00e9paisseur et les bretelles assurent un excellent soutien lors de la course, du saut ou pour lever des poids. \u00c0 porter pendant l\u2019exercice ou comme un haut de streetwear quand il fait chaud\u00a0!<\/p>\n<p>\u2022 Tissu de compression : 78 % polyester, 22 % spandex<br \/>\n\u2022 Doublure en maille sport\u00a0: 92\u00a0% polyester, 8\u00a0% spandex<br \/>\n\u2022 Poids du tissu pour le tissu de compression\u00a0: 280 g\/m\u00b2 (8,25 oz\/yd\u00b2) et la doublure en maille sport\u00a0: 150 g\/m\u00b2 (4,42 oz\/yd\u00b2),<br \/>\n\u2022 Non transparent<br \/>\n\u2022 Avec ouvertures pour le rembourrage amovible et enti\u00e8rement doubl\u00e9 de maille<br \/>\n\u2022 Rembourrage amovible inclus<br \/>\n\u2022 Double \u00e9paisseur sur le devant<br \/>\n\u2022 Silhouette allong\u00e9e<br \/>\n\u2022 Composants de produits vierges provenant d&rsquo;Espagne, de Chine, d&rsquo;Allemagne, de Ta\u00efwan et de Turquie<\/p>\n","protected":false},"excerpt":{"rendered":"<p>Cette brassi\u00e8re de sport est le haut d\u2019entra\u00eenement parfait pour l\u2019exercice. Le tissu de compression ainsi que le devant \u00e0 double \u00e9paisseur et les bretelles assurent un excellent soutien lors de la course, du saut ou pour lever des poids. \u00c0 porter pendant l\u2019exercice ou comme un haut de streetwear quand il fait chaud\u00a0! \u2022 [&hellip;]<\/p>\n","protected":false},"featured_media":240672,"template":"","meta":[],"product_brand":[],"product_cat":[119,114],"product_tag":[],"class_list":{"0":"post-240662","1":"product","2":"type-product","3":"status-publish","4":"has-post-thumbnail","6":"product_cat-enfants","7":"product_cat-femmes","9":"first","10":"instock","11":"shipping-taxable","12":"purchasable","13":"product-type-variable"},"yoast_head":"<!-- This site is optimized with the Yoast SEO plugin v27.5 - https:\/\/yoast.com\/product\/yoast-seo-wordpress\/ -->\n<title>Brassi\u00e8re de sport longue - A\u00efkido Ychoux<\/title>\n<meta name=\"robots\" content=\"index, follow, max-snippet:-1, max-image-preview:large, max-video-preview:-1\" \/>\n<link rel=\"canonical\" href=\"https:\/\/aikido-ychoux.com\/index.php\/produit\/brassiere-de-sport-longue\/\" \/>\n<meta property=\"og:locale\" content=\"fr_FR\" \/>\n<meta property=\"og:type\" content=\"article\" \/>\n<meta property=\"og:title\" content=\"Brassi\u00e8re de sport longue - A\u00efkido Ychoux\" \/>\n<meta property=\"og:description\" content=\"Cette brassi\u00e8re de sport est le haut d\u2019entra\u00eenement parfait pour l\u2019exercice. Le tissu de compression ainsi que le devant \u00e0 double \u00e9paisseur et les bretelles assurent un excellent soutien lors de la course, du saut ou pour lever des poids. \u00c0 porter pendant l\u2019exercice ou comme un haut de streetwear quand il fait chaud\u00a0! \u2022 [&hellip;]\" \/>\n<meta property=\"og:url\" content=\"https:\/\/aikido-ychoux.com\/index.php\/produit\/brassiere-de-sport-longue\/\" \/>\n<meta property=\"og:site_name\" content=\"A\u00efkido Ychoux\" \/>\n<meta property=\"article:publisher\" content=\"https:\/\/www.facebook.com\/budoclubychoux\/\" \/>\n<meta property=\"article:modified_time\" content=\"2024-06-07T08:24:40+00:00\" \/>\n<meta property=\"og:image\" content=\"https:\/\/aikido-ychoux.com\/wp-content\/uploads\/2024\/06\/all-over-print-longline-sports-bra-white-front-6662c38b414d3.jpg\" \/>\n\t<meta property=\"og:image:width\" content=\"2000\" \/>\n\t<meta property=\"og:image:height\" content=\"2000\" \/>\n\t<meta property=\"og:image:type\" content=\"image\/jpeg\" \/>\n<meta name=\"twitter:card\" content=\"summary_large_image\" \/>\n<meta name=\"twitter:label1\" content=\"Dur\u00e9e de lecture estim\u00e9e\" \/>\n\t<meta name=\"twitter:data1\" content=\"1 minute\" \/>\n<script type=\"application\/ld+json\" class=\"yoast-schema-graph\">{\"@context\":\"https:\\\/\\\/schema.org\",\"@graph\":[{\"@type\":\"WebPage\",\"@id\":\"https:\\\/\\\/aikido-ychoux.com\\\/index.php\\\/produit\\\/brassiere-de-sport-longue\\\/\",\"url\":\"https:\\\/\\\/aikido-ychoux.com\\\/index.php\\\/produit\\\/brassiere-de-sport-longue\\\/\",\"name\":\"Brassi\u00e8re de sport longue - A\u00efkido Ychoux\",\"isPartOf\":{\"@id\":\"https:\\\/\\\/aikido-ychoux.com\\\/#website\"},\"primaryImageOfPage\":{\"@id\":\"https:\\\/\\\/aikido-ychoux.com\\\/index.php\\\/produit\\\/brassiere-de-sport-longue\\\/#primaryimage\"},\"image\":{\"@id\":\"https:\\\/\\\/aikido-ychoux.com\\\/index.php\\\/produit\\\/brassiere-de-sport-longue\\\/#primaryimage\"},\"thumbnailUrl\":\"https:\\\/\\\/aikido-ychoux.com\\\/wp-content\\\/uploads\\\/2024\\\/06\\\/all-over-print-longline-sports-bra-white-front-6662c38b414d3.jpg\",\"datePublished\":\"2024-06-07T08:24:03+00:00\",\"dateModified\":\"2024-06-07T08:24:40+00:00\",\"breadcrumb\":{\"@id\":\"https:\\\/\\\/aikido-ychoux.com\\\/index.php\\\/produit\\\/brassiere-de-sport-longue\\\/#breadcrumb\"},\"inLanguage\":\"fr-FR\",\"potentialAction\":[{\"@type\":\"ReadAction\",\"target\":[\"https:\\\/\\\/aikido-ychoux.com\\\/index.php\\\/produit\\\/brassiere-de-sport-longue\\\/\"]}]},{\"@type\":\"ImageObject\",\"inLanguage\":\"fr-FR\",\"@id\":\"https:\\\/\\\/aikido-ychoux.com\\\/index.php\\\/produit\\\/brassiere-de-sport-longue\\\/#primaryimage\",\"url\":\"https:\\\/\\\/aikido-ychoux.com\\\/wp-content\\\/uploads\\\/2024\\\/06\\\/all-over-print-longline-sports-bra-white-front-6662c38b414d3.jpg\",\"contentUrl\":\"https:\\\/\\\/aikido-ychoux.com\\\/wp-content\\\/uploads\\\/2024\\\/06\\\/all-over-print-longline-sports-bra-white-front-6662c38b414d3.jpg\",\"width\":2000,\"height\":2000},{\"@type\":\"BreadcrumbList\",\"@id\":\"https:\\\/\\\/aikido-ychoux.com\\\/index.php\\\/produit\\\/brassiere-de-sport-longue\\\/#breadcrumb\",\"itemListElement\":[{\"@type\":\"ListItem\",\"position\":1,\"name\":\"Accueil\",\"item\":\"https:\\\/\\\/aikido-ychoux.com\\\/\"},{\"@type\":\"ListItem\",\"position\":2,\"name\":\"Boutique\",\"item\":\"https:\\\/\\\/aikido-ychoux.com\\\/index.php\\\/boutique\\\/\"},{\"@type\":\"ListItem\",\"position\":3,\"name\":\"Brassi\u00e8re de sport longue\"}]},{\"@type\":\"WebSite\",\"@id\":\"https:\\\/\\\/aikido-ychoux.com\\\/#website\",\"url\":\"https:\\\/\\\/aikido-ychoux.com\\\/\",\"name\":\"A\u00efkido Ychoux\",\"description\":\"Le site officiel du club d&#039;A\u00efkido de la ville d&#039;Ychoux\",\"publisher\":{\"@id\":\"https:\\\/\\\/aikido-ychoux.com\\\/#organization\"},\"potentialAction\":[{\"@type\":\"SearchAction\",\"target\":{\"@type\":\"EntryPoint\",\"urlTemplate\":\"https:\\\/\\\/aikido-ychoux.com\\\/?s={search_term_string}\"},\"query-input\":{\"@type\":\"PropertyValueSpecification\",\"valueRequired\":true,\"valueName\":\"search_term_string\"}}],\"inLanguage\":\"fr-FR\"},{\"@type\":\"Organization\",\"@id\":\"https:\\\/\\\/aikido-ychoux.com\\\/#organization\",\"name\":\"Budo Club Ychoussois\",\"url\":\"https:\\\/\\\/aikido-ychoux.com\\\/\",\"logo\":{\"@type\":\"ImageObject\",\"inLanguage\":\"fr-FR\",\"@id\":\"https:\\\/\\\/aikido-ychoux.com\\\/#\\\/schema\\\/logo\\\/image\\\/\",\"url\":\"https:\\\/\\\/aikido-ychoux.com\\\/wp-content\\\/uploads\\\/2017\\\/08\\\/cropped-cercleYchouxCOL.png\",\"contentUrl\":\"https:\\\/\\\/aikido-ychoux.com\\\/wp-content\\\/uploads\\\/2017\\\/08\\\/cropped-cercleYchouxCOL.png\",\"width\":512,\"height\":512,\"caption\":\"Budo Club Ychoussois\"},\"image\":{\"@id\":\"https:\\\/\\\/aikido-ychoux.com\\\/#\\\/schema\\\/logo\\\/image\\\/\"},\"sameAs\":[\"https:\\\/\\\/www.facebook.com\\\/budoclubychoux\\\/\"]}]}<\/script>\n<!-- \/ Yoast SEO plugin. -->","yoast_head_json":{"title":"Brassi\u00e8re de sport longue - A\u00efkido Ychoux","robots":{"index":"index","follow":"follow","max-snippet":"max-snippet:-1","max-image-preview":"max-image-preview:large","max-video-preview":"max-video-preview:-1"},"canonical":"https:\/\/aikido-ychoux.com\/index.php\/produit\/brassiere-de-sport-longue\/","og_locale":"fr_FR","og_type":"article","og_title":"Brassi\u00e8re de sport longue - A\u00efkido Ychoux","og_description":"Cette brassi\u00e8re de sport est le haut d\u2019entra\u00eenement parfait pour l\u2019exercice. Le tissu de compression ainsi que le devant \u00e0 double \u00e9paisseur et les bretelles assurent un excellent soutien lors de la course, du saut ou pour lever des poids. \u00c0 porter pendant l\u2019exercice ou comme un haut de streetwear quand il fait chaud\u00a0! \u2022 [&hellip;]","og_url":"https:\/\/aikido-ychoux.com\/index.php\/produit\/brassiere-de-sport-longue\/","og_site_name":"A\u00efkido Ychoux","article_publisher":"https:\/\/www.facebook.com\/budoclubychoux\/","article_modified_time":"2024-06-07T08:24:40+00:00","og_image":[{"width":2000,"height":2000,"url":"https:\/\/aikido-ychoux.com\/wp-content\/uploads\/2024\/06\/all-over-print-longline-sports-bra-white-front-6662c38b414d3.jpg","type":"image\/jpeg"}],"twitter_card":"summary_large_image","twitter_misc":{"Dur\u00e9e de lecture estim\u00e9e":"1 minute"},"schema":{"@context":"https:\/\/schema.org","@graph":[{"@type":"WebPage","@id":"https:\/\/aikido-ychoux.com\/index.php\/produit\/brassiere-de-sport-longue\/","url":"https:\/\/aikido-ychoux.com\/index.php\/produit\/brassiere-de-sport-longue\/","name":"Brassi\u00e8re de sport longue - A\u00efkido Ychoux","isPartOf":{"@id":"https:\/\/aikido-ychoux.com\/#website"},"primaryImageOfPage":{"@id":"https:\/\/aikido-ychoux.com\/index.php\/produit\/brassiere-de-sport-longue\/#primaryimage"},"image":{"@id":"https:\/\/aikido-ychoux.com\/index.php\/produit\/brassiere-de-sport-longue\/#primaryimage"},"thumbnailUrl":"https:\/\/aikido-ychoux.com\/wp-content\/uploads\/2024\/06\/all-over-print-longline-sports-bra-white-front-6662c38b414d3.jpg","datePublished":"2024-06-07T08:24:03+00:00","dateModified":"2024-06-07T08:24:40+00:00","breadcrumb":{"@id":"https:\/\/aikido-ychoux.com\/index.php\/produit\/brassiere-de-sport-longue\/#breadcrumb"},"inLanguage":"fr-FR","potentialAction":[{"@type":"ReadAction","target":["https:\/\/aikido-ychoux.com\/index.php\/produit\/brassiere-de-sport-longue\/"]}]},{"@type":"ImageObject","inLanguage":"fr-FR","@id":"https:\/\/aikido-ychoux.com\/index.php\/produit\/brassiere-de-sport-longue\/#primaryimage","url":"https:\/\/aikido-ychoux.com\/wp-content\/uploads\/2024\/06\/all-over-print-longline-sports-bra-white-front-6662c38b414d3.jpg","contentUrl":"https:\/\/aikido-ychoux.com\/wp-content\/uploads\/2024\/06\/all-over-print-longline-sports-bra-white-front-6662c38b414d3.jpg","width":2000,"height":2000},{"@type":"BreadcrumbList","@id":"https:\/\/aikido-ychoux.com\/index.php\/produit\/brassiere-de-sport-longue\/#breadcrumb","itemListElement":[{"@type":"ListItem","position":1,"name":"Accueil","item":"https:\/\/aikido-ychoux.com\/"},{"@type":"ListItem","position":2,"name":"Boutique","item":"https:\/\/aikido-ychoux.com\/index.php\/boutique\/"},{"@type":"ListItem","position":3,"name":"Brassi\u00e8re de sport longue"}]},{"@type":"WebSite","@id":"https:\/\/aikido-ychoux.com\/#website","url":"https:\/\/aikido-ychoux.com\/","name":"A\u00efkido Ychoux","description":"Le site officiel du club d&#039;A\u00efkido de la ville d&#039;Ychoux","publisher":{"@id":"https:\/\/aikido-ychoux.com\/#organization"},"potentialAction":[{"@type":"SearchAction","target":{"@type":"EntryPoint","urlTemplate":"https:\/\/aikido-ychoux.com\/?s={search_term_string}"},"query-input":{"@type":"PropertyValueSpecification","valueRequired":true,"valueName":"search_term_string"}}],"inLanguage":"fr-FR"},{"@type":"Organization","@id":"https:\/\/aikido-ychoux.com\/#organization","name":"Budo Club Ychoussois","url":"https:\/\/aikido-ychoux.com\/","logo":{"@type":"ImageObject","inLanguage":"fr-FR","@id":"https:\/\/aikido-ychoux.com\/#\/schema\/logo\/image\/","url":"https:\/\/aikido-ychoux.com\/wp-content\/uploads\/2017\/08\/cropped-cercleYchouxCOL.png","contentUrl":"https:\/\/aikido-ychoux.com\/wp-content\/uploads\/2017\/08\/cropped-cercleYchouxCOL.png","width":512,"height":512,"caption":"Budo Club Ychoussois"},"image":{"@id":"https:\/\/aikido-ychoux.com\/#\/schema\/logo\/image\/"},"sameAs":["https:\/\/www.facebook.com\/budoclubychoux\/"]}]}},"_links":{"self":[{"href":"https:\/\/aikido-ychoux.com\/index.php\/wp-json\/wp\/v2\/product\/240662","targetHints":{"allow":["GET"]}}],"collection":[{"href":"https:\/\/aikido-ychoux.com\/index.php\/wp-json\/wp\/v2\/product"}],"about":[{"href":"https:\/\/aikido-ychoux.com\/index.php\/wp-json\/wp\/v2\/types\/product"}],"wp:featuredmedia":[{"embeddable":true,"href":"https:\/\/aikido-ychoux.com\/index.php\/wp-json\/wp\/v2\/media\/240672"}],"wp:attachment":[{"href":"https:\/\/aikido-ychoux.com\/index.php\/wp-json\/wp\/v2\/media?parent=240662"}],"wp:term":[{"taxonomy":"product_brand","embeddable":true,"href":"https:\/\/aikido-ychoux.com\/index.php\/wp-json\/wp\/v2\/product_brand?post=240662"},{"taxonomy":"product_cat","embeddable":true,"href":"https:\/\/aikido-ychoux.com\/index.php\/wp-json\/wp\/v2\/product_cat?post=240662"},{"taxonomy":"product_tag","embeddable":true,"href":"https:\/\/aikido-ychoux.com\/index.php\/wp-json\/wp\/v2\/product_tag?post=240662"}],"curies":[{"name":"wp","href":"https:\/\/api.w.org\/{rel}","templated":true}]}}