{"id":240468,"date":"2024-04-27T12:36:36","date_gmt":"2024-04-27T10:36:36","guid":{"rendered":"https:\/\/aikido-ychoux.com\/index.php\/produit\/sweat-a-capuche-2\/"},"modified":"2024-04-27T15:48:25","modified_gmt":"2024-04-27T13:48:25","slug":"sweat-a-capuche-2","status":"publish","type":"product","link":"https:\/\/aikido-ychoux.com\/index.php\/produit\/sweat-a-capuche-2\/","title":{"rendered":"Sweat \u00e0 capuche"},"content":{"rendered":"<p>Tout le monde a besoin d&rsquo;un sweat \u00e0 capuche douillet dans lequel se blottir, alors choisissez-en un qui est doux, lisse et \u00e9l\u00e9gant. C&rsquo;est le choix id\u00e9al pour les soir\u00e9es plus fra\u00eeches\u00a0!<\/p>\n<p>\u2022 50\u00a0% coton pr\u00e9r\u00e9tr\u00e9ci et 50\u00a0% polyester<br \/>\n\u2022 Grammage du tissu\u00a0: 271,25 g\/m\u00b2<br \/>\n\u2022 Fil fil\u00e9 par jet d&rsquo;air au toucher doux et au boulochage r\u00e9duit<br \/>\n\u2022 Capuche \u00e0 double doublure avec cordon de serrage assorti<br \/>\n\u2022 Corps tourn\u00e9 d&rsquo;un quart de tour pour \u00e9viter le pli central<br \/>\n\u2022 Poignets et ceinture athl\u00e9tiques en tricot c\u00f4tel\u00e9 avec spandex<br \/>\n\u2022 Poche avant<br \/>\n\u2022 Couture \u00e0 aiguille double du col, des \u00e9paules, des emmanchures, des poignets et de l&rsquo;ourlet<br \/>\n\u2022 Produit vierge provenant du Bangladesh, du Nicaragua, du Honduras ou du Salvador<\/p>\n","protected":false},"excerpt":{"rendered":"<p>Tout le monde a besoin d&rsquo;un sweat \u00e0 capuche douillet dans lequel se blottir, alors choisissez-en un qui est doux, lisse et \u00e9l\u00e9gant. C&rsquo;est le choix id\u00e9al pour les soir\u00e9es plus fra\u00eeches\u00a0! \u2022 50\u00a0% coton pr\u00e9r\u00e9tr\u00e9ci et 50\u00a0% polyester \u2022 Grammage du tissu\u00a0: 271,25 g\/m\u00b2 \u2022 Fil fil\u00e9 par jet d&rsquo;air au toucher doux et [&hellip;]<\/p>\n","protected":false},"featured_media":240511,"template":"","meta":[],"product_brand":[],"product_cat":[114,113],"product_tag":[],"class_list":{"0":"post-240468","1":"product","2":"type-product","3":"status-publish","4":"has-post-thumbnail","6":"product_cat-femmes","7":"product_cat-hommes","9":"first","10":"instock","11":"shipping-taxable","12":"purchasable","13":"product-type-variable"},"yoast_head":"<!-- This site is optimized with the Yoast SEO plugin v27.4 - https:\/\/yoast.com\/product\/yoast-seo-wordpress\/ -->\n<title>Sweat \u00e0 capuche - A\u00efkido Ychoux<\/title>\n<meta name=\"robots\" content=\"index, follow, max-snippet:-1, max-image-preview:large, max-video-preview:-1\" \/>\n<link rel=\"canonical\" href=\"https:\/\/aikido-ychoux.com\/index.php\/produit\/sweat-a-capuche-2\/\" \/>\n<meta property=\"og:locale\" content=\"fr_FR\" \/>\n<meta property=\"og:type\" content=\"article\" \/>\n<meta property=\"og:title\" content=\"Sweat \u00e0 capuche - A\u00efkido Ychoux\" \/>\n<meta property=\"og:description\" content=\"Tout le monde a besoin d&rsquo;un sweat \u00e0 capuche douillet dans lequel se blottir, alors choisissez-en un qui est doux, lisse et \u00e9l\u00e9gant. C&rsquo;est le choix id\u00e9al pour les soir\u00e9es plus fra\u00eeches\u00a0! \u2022 50\u00a0% coton pr\u00e9r\u00e9tr\u00e9ci et 50\u00a0% polyester \u2022 Grammage du tissu\u00a0: 271,25 g\/m\u00b2 \u2022 Fil fil\u00e9 par jet d&rsquo;air au toucher doux et [&hellip;]\" \/>\n<meta property=\"og:url\" content=\"https:\/\/aikido-ychoux.com\/index.php\/produit\/sweat-a-capuche-2\/\" \/>\n<meta property=\"og:site_name\" content=\"A\u00efkido Ychoux\" \/>\n<meta property=\"article:publisher\" content=\"https:\/\/www.facebook.com\/budoclubychoux\/\" \/>\n<meta property=\"article:modified_time\" content=\"2024-04-27T13:48:25+00:00\" \/>\n<meta property=\"og:image\" content=\"https:\/\/aikido-ychoux.com\/wp-content\/uploads\/2024\/04\/unisex-heavy-blend-hoodie-black-front-662cd5183f4a6.jpg\" \/>\n\t<meta property=\"og:image:width\" content=\"2000\" \/>\n\t<meta property=\"og:image:height\" content=\"2000\" \/>\n\t<meta property=\"og:image:type\" content=\"image\/jpeg\" \/>\n<meta name=\"twitter:card\" content=\"summary_large_image\" \/>\n<meta name=\"twitter:label1\" content=\"Dur\u00e9e de lecture estim\u00e9e\" \/>\n\t<meta name=\"twitter:data1\" content=\"1 minute\" \/>\n<script type=\"application\/ld+json\" class=\"yoast-schema-graph\">{\"@context\":\"https:\\\/\\\/schema.org\",\"@graph\":[{\"@type\":\"WebPage\",\"@id\":\"https:\\\/\\\/aikido-ychoux.com\\\/index.php\\\/produit\\\/sweat-a-capuche-2\\\/\",\"url\":\"https:\\\/\\\/aikido-ychoux.com\\\/index.php\\\/produit\\\/sweat-a-capuche-2\\\/\",\"name\":\"Sweat \u00e0 capuche - A\u00efkido Ychoux\",\"isPartOf\":{\"@id\":\"https:\\\/\\\/aikido-ychoux.com\\\/#website\"},\"primaryImageOfPage\":{\"@id\":\"https:\\\/\\\/aikido-ychoux.com\\\/index.php\\\/produit\\\/sweat-a-capuche-2\\\/#primaryimage\"},\"image\":{\"@id\":\"https:\\\/\\\/aikido-ychoux.com\\\/index.php\\\/produit\\\/sweat-a-capuche-2\\\/#primaryimage\"},\"thumbnailUrl\":\"https:\\\/\\\/aikido-ychoux.com\\\/wp-content\\\/uploads\\\/2024\\\/04\\\/unisex-heavy-blend-hoodie-black-front-662cd5183f4a6.jpg\",\"datePublished\":\"2024-04-27T10:36:36+00:00\",\"dateModified\":\"2024-04-27T13:48:25+00:00\",\"breadcrumb\":{\"@id\":\"https:\\\/\\\/aikido-ychoux.com\\\/index.php\\\/produit\\\/sweat-a-capuche-2\\\/#breadcrumb\"},\"inLanguage\":\"fr-FR\",\"potentialAction\":[{\"@type\":\"ReadAction\",\"target\":[\"https:\\\/\\\/aikido-ychoux.com\\\/index.php\\\/produit\\\/sweat-a-capuche-2\\\/\"]}]},{\"@type\":\"ImageObject\",\"inLanguage\":\"fr-FR\",\"@id\":\"https:\\\/\\\/aikido-ychoux.com\\\/index.php\\\/produit\\\/sweat-a-capuche-2\\\/#primaryimage\",\"url\":\"https:\\\/\\\/aikido-ychoux.com\\\/wp-content\\\/uploads\\\/2024\\\/04\\\/unisex-heavy-blend-hoodie-black-front-662cd5183f4a6.jpg\",\"contentUrl\":\"https:\\\/\\\/aikido-ychoux.com\\\/wp-content\\\/uploads\\\/2024\\\/04\\\/unisex-heavy-blend-hoodie-black-front-662cd5183f4a6.jpg\",\"width\":2000,\"height\":2000},{\"@type\":\"BreadcrumbList\",\"@id\":\"https:\\\/\\\/aikido-ychoux.com\\\/index.php\\\/produit\\\/sweat-a-capuche-2\\\/#breadcrumb\",\"itemListElement\":[{\"@type\":\"ListItem\",\"position\":1,\"name\":\"Accueil\",\"item\":\"https:\\\/\\\/aikido-ychoux.com\\\/\"},{\"@type\":\"ListItem\",\"position\":2,\"name\":\"Boutique\",\"item\":\"https:\\\/\\\/aikido-ychoux.com\\\/index.php\\\/boutique\\\/\"},{\"@type\":\"ListItem\",\"position\":3,\"name\":\"Sweat \u00e0 capuche\"}]},{\"@type\":\"WebSite\",\"@id\":\"https:\\\/\\\/aikido-ychoux.com\\\/#website\",\"url\":\"https:\\\/\\\/aikido-ychoux.com\\\/\",\"name\":\"A\u00efkido Ychoux\",\"description\":\"Le site officiel du club d&#039;A\u00efkido de la ville d&#039;Ychoux\",\"publisher\":{\"@id\":\"https:\\\/\\\/aikido-ychoux.com\\\/#organization\"},\"potentialAction\":[{\"@type\":\"SearchAction\",\"target\":{\"@type\":\"EntryPoint\",\"urlTemplate\":\"https:\\\/\\\/aikido-ychoux.com\\\/?s={search_term_string}\"},\"query-input\":{\"@type\":\"PropertyValueSpecification\",\"valueRequired\":true,\"valueName\":\"search_term_string\"}}],\"inLanguage\":\"fr-FR\"},{\"@type\":\"Organization\",\"@id\":\"https:\\\/\\\/aikido-ychoux.com\\\/#organization\",\"name\":\"Budo Club Ychoussois\",\"url\":\"https:\\\/\\\/aikido-ychoux.com\\\/\",\"logo\":{\"@type\":\"ImageObject\",\"inLanguage\":\"fr-FR\",\"@id\":\"https:\\\/\\\/aikido-ychoux.com\\\/#\\\/schema\\\/logo\\\/image\\\/\",\"url\":\"https:\\\/\\\/aikido-ychoux.com\\\/wp-content\\\/uploads\\\/2017\\\/08\\\/cropped-cercleYchouxCOL.png\",\"contentUrl\":\"https:\\\/\\\/aikido-ychoux.com\\\/wp-content\\\/uploads\\\/2017\\\/08\\\/cropped-cercleYchouxCOL.png\",\"width\":512,\"height\":512,\"caption\":\"Budo Club Ychoussois\"},\"image\":{\"@id\":\"https:\\\/\\\/aikido-ychoux.com\\\/#\\\/schema\\\/logo\\\/image\\\/\"},\"sameAs\":[\"https:\\\/\\\/www.facebook.com\\\/budoclubychoux\\\/\"]}]}<\/script>\n<!-- \/ Yoast SEO plugin. -->","yoast_head_json":{"title":"Sweat \u00e0 capuche - A\u00efkido Ychoux","robots":{"index":"index","follow":"follow","max-snippet":"max-snippet:-1","max-image-preview":"max-image-preview:large","max-video-preview":"max-video-preview:-1"},"canonical":"https:\/\/aikido-ychoux.com\/index.php\/produit\/sweat-a-capuche-2\/","og_locale":"fr_FR","og_type":"article","og_title":"Sweat \u00e0 capuche - A\u00efkido Ychoux","og_description":"Tout le monde a besoin d&rsquo;un sweat \u00e0 capuche douillet dans lequel se blottir, alors choisissez-en un qui est doux, lisse et \u00e9l\u00e9gant. C&rsquo;est le choix id\u00e9al pour les soir\u00e9es plus fra\u00eeches\u00a0! \u2022 50\u00a0% coton pr\u00e9r\u00e9tr\u00e9ci et 50\u00a0% polyester \u2022 Grammage du tissu\u00a0: 271,25 g\/m\u00b2 \u2022 Fil fil\u00e9 par jet d&rsquo;air au toucher doux et [&hellip;]","og_url":"https:\/\/aikido-ychoux.com\/index.php\/produit\/sweat-a-capuche-2\/","og_site_name":"A\u00efkido Ychoux","article_publisher":"https:\/\/www.facebook.com\/budoclubychoux\/","article_modified_time":"2024-04-27T13:48:25+00:00","og_image":[{"width":2000,"height":2000,"url":"https:\/\/aikido-ychoux.com\/wp-content\/uploads\/2024\/04\/unisex-heavy-blend-hoodie-black-front-662cd5183f4a6.jpg","type":"image\/jpeg"}],"twitter_card":"summary_large_image","twitter_misc":{"Dur\u00e9e de lecture estim\u00e9e":"1 minute"},"schema":{"@context":"https:\/\/schema.org","@graph":[{"@type":"WebPage","@id":"https:\/\/aikido-ychoux.com\/index.php\/produit\/sweat-a-capuche-2\/","url":"https:\/\/aikido-ychoux.com\/index.php\/produit\/sweat-a-capuche-2\/","name":"Sweat \u00e0 capuche - A\u00efkido Ychoux","isPartOf":{"@id":"https:\/\/aikido-ychoux.com\/#website"},"primaryImageOfPage":{"@id":"https:\/\/aikido-ychoux.com\/index.php\/produit\/sweat-a-capuche-2\/#primaryimage"},"image":{"@id":"https:\/\/aikido-ychoux.com\/index.php\/produit\/sweat-a-capuche-2\/#primaryimage"},"thumbnailUrl":"https:\/\/aikido-ychoux.com\/wp-content\/uploads\/2024\/04\/unisex-heavy-blend-hoodie-black-front-662cd5183f4a6.jpg","datePublished":"2024-04-27T10:36:36+00:00","dateModified":"2024-04-27T13:48:25+00:00","breadcrumb":{"@id":"https:\/\/aikido-ychoux.com\/index.php\/produit\/sweat-a-capuche-2\/#breadcrumb"},"inLanguage":"fr-FR","potentialAction":[{"@type":"ReadAction","target":["https:\/\/aikido-ychoux.com\/index.php\/produit\/sweat-a-capuche-2\/"]}]},{"@type":"ImageObject","inLanguage":"fr-FR","@id":"https:\/\/aikido-ychoux.com\/index.php\/produit\/sweat-a-capuche-2\/#primaryimage","url":"https:\/\/aikido-ychoux.com\/wp-content\/uploads\/2024\/04\/unisex-heavy-blend-hoodie-black-front-662cd5183f4a6.jpg","contentUrl":"https:\/\/aikido-ychoux.com\/wp-content\/uploads\/2024\/04\/unisex-heavy-blend-hoodie-black-front-662cd5183f4a6.jpg","width":2000,"height":2000},{"@type":"BreadcrumbList","@id":"https:\/\/aikido-ychoux.com\/index.php\/produit\/sweat-a-capuche-2\/#breadcrumb","itemListElement":[{"@type":"ListItem","position":1,"name":"Accueil","item":"https:\/\/aikido-ychoux.com\/"},{"@type":"ListItem","position":2,"name":"Boutique","item":"https:\/\/aikido-ychoux.com\/index.php\/boutique\/"},{"@type":"ListItem","position":3,"name":"Sweat \u00e0 capuche"}]},{"@type":"WebSite","@id":"https:\/\/aikido-ychoux.com\/#website","url":"https:\/\/aikido-ychoux.com\/","name":"A\u00efkido Ychoux","description":"Le site officiel du club d&#039;A\u00efkido de la ville d&#039;Ychoux","publisher":{"@id":"https:\/\/aikido-ychoux.com\/#organization"},"potentialAction":[{"@type":"SearchAction","target":{"@type":"EntryPoint","urlTemplate":"https:\/\/aikido-ychoux.com\/?s={search_term_string}"},"query-input":{"@type":"PropertyValueSpecification","valueRequired":true,"valueName":"search_term_string"}}],"inLanguage":"fr-FR"},{"@type":"Organization","@id":"https:\/\/aikido-ychoux.com\/#organization","name":"Budo Club Ychoussois","url":"https:\/\/aikido-ychoux.com\/","logo":{"@type":"ImageObject","inLanguage":"fr-FR","@id":"https:\/\/aikido-ychoux.com\/#\/schema\/logo\/image\/","url":"https:\/\/aikido-ychoux.com\/wp-content\/uploads\/2017\/08\/cropped-cercleYchouxCOL.png","contentUrl":"https:\/\/aikido-ychoux.com\/wp-content\/uploads\/2017\/08\/cropped-cercleYchouxCOL.png","width":512,"height":512,"caption":"Budo Club Ychoussois"},"image":{"@id":"https:\/\/aikido-ychoux.com\/#\/schema\/logo\/image\/"},"sameAs":["https:\/\/www.facebook.com\/budoclubychoux\/"]}]}},"_links":{"self":[{"href":"https:\/\/aikido-ychoux.com\/index.php\/wp-json\/wp\/v2\/product\/240468","targetHints":{"allow":["GET"]}}],"collection":[{"href":"https:\/\/aikido-ychoux.com\/index.php\/wp-json\/wp\/v2\/product"}],"about":[{"href":"https:\/\/aikido-ychoux.com\/index.php\/wp-json\/wp\/v2\/types\/product"}],"wp:featuredmedia":[{"embeddable":true,"href":"https:\/\/aikido-ychoux.com\/index.php\/wp-json\/wp\/v2\/media\/240511"}],"wp:attachment":[{"href":"https:\/\/aikido-ychoux.com\/index.php\/wp-json\/wp\/v2\/media?parent=240468"}],"wp:term":[{"taxonomy":"product_brand","embeddable":true,"href":"https:\/\/aikido-ychoux.com\/index.php\/wp-json\/wp\/v2\/product_brand?post=240468"},{"taxonomy":"product_cat","embeddable":true,"href":"https:\/\/aikido-ychoux.com\/index.php\/wp-json\/wp\/v2\/product_cat?post=240468"},{"taxonomy":"product_tag","embeddable":true,"href":"https:\/\/aikido-ychoux.com\/index.php\/wp-json\/wp\/v2\/product_tag?post=240468"}],"curies":[{"name":"wp","href":"https:\/\/api.w.org\/{rel}","templated":true}]}}