{"id":240441,"date":"2024-04-27T11:32:25","date_gmt":"2024-04-27T09:32:25","guid":{"rendered":"https:\/\/aikido-ychoux.com\/index.php\/produit\/veste-bomber-recyclee\/"},"modified":"2025-09-24T02:50:39","modified_gmt":"2025-09-24T00:50:39","slug":"veste-bomber-recyclee","status":"publish","type":"product","link":"https:\/\/aikido-ychoux.com\/index.php\/produit\/veste-bomber-recyclee\/","title":{"rendered":"Veste bomber recycl\u00e9e"},"content":{"rendered":"<p>Vous ne pouvez pas vous tromper avec une veste bomber, en particulier lorsqu&rsquo;elle est de haute qualit\u00e9 et fabriqu\u00e9e \u00e0 partir de mat\u00e9riaux recycl\u00e9s. Cette veste bomber recycl\u00e9e compl\u00e9tera la plupart des tenues et styles et vous tiendra au chaud pendant les journ\u00e9es plus froides.<\/p>\n<p> \u2022 100\u00a0% polyester recycl\u00e9<br \/>\n \u2022 Poids du tissu\u00a0:\u00a0156\u00a0g\/m\u00b2 (5,5\u00a0oz\/yd\u00b2)<br \/>\n \u2022 Coupe confortable<br \/>\n \u2022 Taille unisexe<br \/>\n \u2022 Poche pratique sur la manche<br \/>\n \u2022 Bande c\u00f4tel\u00e9e au col, poignets et ourlet<br \/>\n \u2022 Fermeture \u00e9clair YKK premium<br \/>\n \u2022 Produit vierge provenant de Chine<\/p>\n","protected":false},"excerpt":{"rendered":"<p>Vous ne pouvez pas vous tromper avec une veste bomber, en particulier lorsqu&rsquo;elle est de haute qualit\u00e9 et fabriqu\u00e9e \u00e0 partir de mat\u00e9riaux recycl\u00e9s. Cette veste bomber recycl\u00e9e compl\u00e9tera la plupart des tenues et styles et vous tiendra au chaud pendant les journ\u00e9es plus froides. \u2022 100\u00a0% polyester recycl\u00e9 \u2022 Poids du tissu\u00a0:\u00a0156\u00a0g\/m\u00b2 (5,5\u00a0oz\/yd\u00b2) \u2022 [&hellip;]<\/p>\n","protected":false},"featured_media":240450,"template":"","meta":[],"product_brand":[],"product_cat":[114,113],"product_tag":[],"class_list":{"0":"post-240441","1":"product","2":"type-product","3":"status-publish","4":"has-post-thumbnail","6":"product_cat-femmes","7":"product_cat-hommes","9":"first","10":"outofstock","11":"shipping-taxable","12":"purchasable","13":"product-type-variable"},"yoast_head":"<!-- This site is optimized with the Yoast SEO plugin v27.4 - https:\/\/yoast.com\/product\/yoast-seo-wordpress\/ -->\n<title>Veste bomber recycl\u00e9e - A\u00efkido Ychoux<\/title>\n<meta name=\"robots\" content=\"index, follow, max-snippet:-1, max-image-preview:large, max-video-preview:-1\" \/>\n<link rel=\"canonical\" href=\"https:\/\/aikido-ychoux.com\/index.php\/produit\/veste-bomber-recyclee\/\" \/>\n<meta property=\"og:locale\" content=\"fr_FR\" \/>\n<meta property=\"og:type\" content=\"article\" \/>\n<meta property=\"og:title\" content=\"Veste bomber recycl\u00e9e - A\u00efkido Ychoux\" \/>\n<meta property=\"og:description\" content=\"Vous ne pouvez pas vous tromper avec une veste bomber, en particulier lorsqu&rsquo;elle est de haute qualit\u00e9 et fabriqu\u00e9e \u00e0 partir de mat\u00e9riaux recycl\u00e9s. Cette veste bomber recycl\u00e9e compl\u00e9tera la plupart des tenues et styles et vous tiendra au chaud pendant les journ\u00e9es plus froides. \u2022 100\u00a0% polyester recycl\u00e9 \u2022 Poids du tissu\u00a0:\u00a0156\u00a0g\/m\u00b2 (5,5\u00a0oz\/yd\u00b2) \u2022 [&hellip;]\" \/>\n<meta property=\"og:url\" content=\"https:\/\/aikido-ychoux.com\/index.php\/produit\/veste-bomber-recyclee\/\" \/>\n<meta property=\"og:site_name\" content=\"A\u00efkido Ychoux\" \/>\n<meta property=\"article:publisher\" content=\"https:\/\/www.facebook.com\/budoclubychoux\/\" \/>\n<meta property=\"article:modified_time\" content=\"2025-09-24T00:50:39+00:00\" \/>\n<meta property=\"og:image\" content=\"https:\/\/aikido-ychoux.com\/wp-content\/uploads\/2024\/04\/premium-recycled-bomber-jacket-black-front-662cc61501f82.jpg\" \/>\n\t<meta property=\"og:image:width\" content=\"2000\" \/>\n\t<meta property=\"og:image:height\" content=\"2000\" \/>\n\t<meta property=\"og:image:type\" content=\"image\/jpeg\" \/>\n<meta name=\"twitter:card\" content=\"summary_large_image\" \/>\n<script type=\"application\/ld+json\" class=\"yoast-schema-graph\">{\"@context\":\"https:\\\/\\\/schema.org\",\"@graph\":[{\"@type\":\"WebPage\",\"@id\":\"https:\\\/\\\/aikido-ychoux.com\\\/index.php\\\/produit\\\/veste-bomber-recyclee\\\/\",\"url\":\"https:\\\/\\\/aikido-ychoux.com\\\/index.php\\\/produit\\\/veste-bomber-recyclee\\\/\",\"name\":\"Veste bomber recycl\u00e9e - A\u00efkido Ychoux\",\"isPartOf\":{\"@id\":\"https:\\\/\\\/aikido-ychoux.com\\\/#website\"},\"primaryImageOfPage\":{\"@id\":\"https:\\\/\\\/aikido-ychoux.com\\\/index.php\\\/produit\\\/veste-bomber-recyclee\\\/#primaryimage\"},\"image\":{\"@id\":\"https:\\\/\\\/aikido-ychoux.com\\\/index.php\\\/produit\\\/veste-bomber-recyclee\\\/#primaryimage\"},\"thumbnailUrl\":\"https:\\\/\\\/aikido-ychoux.com\\\/wp-content\\\/uploads\\\/2024\\\/04\\\/premium-recycled-bomber-jacket-black-front-662cc61501f82.jpg\",\"datePublished\":\"2024-04-27T09:32:25+00:00\",\"dateModified\":\"2025-09-24T00:50:39+00:00\",\"breadcrumb\":{\"@id\":\"https:\\\/\\\/aikido-ychoux.com\\\/index.php\\\/produit\\\/veste-bomber-recyclee\\\/#breadcrumb\"},\"inLanguage\":\"fr-FR\",\"potentialAction\":[{\"@type\":\"ReadAction\",\"target\":[\"https:\\\/\\\/aikido-ychoux.com\\\/index.php\\\/produit\\\/veste-bomber-recyclee\\\/\"]}]},{\"@type\":\"ImageObject\",\"inLanguage\":\"fr-FR\",\"@id\":\"https:\\\/\\\/aikido-ychoux.com\\\/index.php\\\/produit\\\/veste-bomber-recyclee\\\/#primaryimage\",\"url\":\"https:\\\/\\\/aikido-ychoux.com\\\/wp-content\\\/uploads\\\/2024\\\/04\\\/premium-recycled-bomber-jacket-black-front-662cc61501f82.jpg\",\"contentUrl\":\"https:\\\/\\\/aikido-ychoux.com\\\/wp-content\\\/uploads\\\/2024\\\/04\\\/premium-recycled-bomber-jacket-black-front-662cc61501f82.jpg\",\"width\":2000,\"height\":2000},{\"@type\":\"BreadcrumbList\",\"@id\":\"https:\\\/\\\/aikido-ychoux.com\\\/index.php\\\/produit\\\/veste-bomber-recyclee\\\/#breadcrumb\",\"itemListElement\":[{\"@type\":\"ListItem\",\"position\":1,\"name\":\"Accueil\",\"item\":\"https:\\\/\\\/aikido-ychoux.com\\\/\"},{\"@type\":\"ListItem\",\"position\":2,\"name\":\"Boutique\",\"item\":\"https:\\\/\\\/aikido-ychoux.com\\\/index.php\\\/boutique\\\/\"},{\"@type\":\"ListItem\",\"position\":3,\"name\":\"Veste bomber recycl\u00e9e\"}]},{\"@type\":\"WebSite\",\"@id\":\"https:\\\/\\\/aikido-ychoux.com\\\/#website\",\"url\":\"https:\\\/\\\/aikido-ychoux.com\\\/\",\"name\":\"A\u00efkido Ychoux\",\"description\":\"Le site officiel du club d&#039;A\u00efkido de la ville d&#039;Ychoux\",\"publisher\":{\"@id\":\"https:\\\/\\\/aikido-ychoux.com\\\/#organization\"},\"potentialAction\":[{\"@type\":\"SearchAction\",\"target\":{\"@type\":\"EntryPoint\",\"urlTemplate\":\"https:\\\/\\\/aikido-ychoux.com\\\/?s={search_term_string}\"},\"query-input\":{\"@type\":\"PropertyValueSpecification\",\"valueRequired\":true,\"valueName\":\"search_term_string\"}}],\"inLanguage\":\"fr-FR\"},{\"@type\":\"Organization\",\"@id\":\"https:\\\/\\\/aikido-ychoux.com\\\/#organization\",\"name\":\"Budo Club Ychoussois\",\"url\":\"https:\\\/\\\/aikido-ychoux.com\\\/\",\"logo\":{\"@type\":\"ImageObject\",\"inLanguage\":\"fr-FR\",\"@id\":\"https:\\\/\\\/aikido-ychoux.com\\\/#\\\/schema\\\/logo\\\/image\\\/\",\"url\":\"https:\\\/\\\/aikido-ychoux.com\\\/wp-content\\\/uploads\\\/2017\\\/08\\\/cropped-cercleYchouxCOL.png\",\"contentUrl\":\"https:\\\/\\\/aikido-ychoux.com\\\/wp-content\\\/uploads\\\/2017\\\/08\\\/cropped-cercleYchouxCOL.png\",\"width\":512,\"height\":512,\"caption\":\"Budo Club Ychoussois\"},\"image\":{\"@id\":\"https:\\\/\\\/aikido-ychoux.com\\\/#\\\/schema\\\/logo\\\/image\\\/\"},\"sameAs\":[\"https:\\\/\\\/www.facebook.com\\\/budoclubychoux\\\/\"]}]}<\/script>\n<!-- \/ Yoast SEO plugin. -->","yoast_head_json":{"title":"Veste bomber recycl\u00e9e - A\u00efkido Ychoux","robots":{"index":"index","follow":"follow","max-snippet":"max-snippet:-1","max-image-preview":"max-image-preview:large","max-video-preview":"max-video-preview:-1"},"canonical":"https:\/\/aikido-ychoux.com\/index.php\/produit\/veste-bomber-recyclee\/","og_locale":"fr_FR","og_type":"article","og_title":"Veste bomber recycl\u00e9e - A\u00efkido Ychoux","og_description":"Vous ne pouvez pas vous tromper avec une veste bomber, en particulier lorsqu&rsquo;elle est de haute qualit\u00e9 et fabriqu\u00e9e \u00e0 partir de mat\u00e9riaux recycl\u00e9s. Cette veste bomber recycl\u00e9e compl\u00e9tera la plupart des tenues et styles et vous tiendra au chaud pendant les journ\u00e9es plus froides. \u2022 100\u00a0% polyester recycl\u00e9 \u2022 Poids du tissu\u00a0:\u00a0156\u00a0g\/m\u00b2 (5,5\u00a0oz\/yd\u00b2) \u2022 [&hellip;]","og_url":"https:\/\/aikido-ychoux.com\/index.php\/produit\/veste-bomber-recyclee\/","og_site_name":"A\u00efkido Ychoux","article_publisher":"https:\/\/www.facebook.com\/budoclubychoux\/","article_modified_time":"2025-09-24T00:50:39+00:00","og_image":[{"width":2000,"height":2000,"url":"https:\/\/aikido-ychoux.com\/wp-content\/uploads\/2024\/04\/premium-recycled-bomber-jacket-black-front-662cc61501f82.jpg","type":"image\/jpeg"}],"twitter_card":"summary_large_image","schema":{"@context":"https:\/\/schema.org","@graph":[{"@type":"WebPage","@id":"https:\/\/aikido-ychoux.com\/index.php\/produit\/veste-bomber-recyclee\/","url":"https:\/\/aikido-ychoux.com\/index.php\/produit\/veste-bomber-recyclee\/","name":"Veste bomber recycl\u00e9e - A\u00efkido Ychoux","isPartOf":{"@id":"https:\/\/aikido-ychoux.com\/#website"},"primaryImageOfPage":{"@id":"https:\/\/aikido-ychoux.com\/index.php\/produit\/veste-bomber-recyclee\/#primaryimage"},"image":{"@id":"https:\/\/aikido-ychoux.com\/index.php\/produit\/veste-bomber-recyclee\/#primaryimage"},"thumbnailUrl":"https:\/\/aikido-ychoux.com\/wp-content\/uploads\/2024\/04\/premium-recycled-bomber-jacket-black-front-662cc61501f82.jpg","datePublished":"2024-04-27T09:32:25+00:00","dateModified":"2025-09-24T00:50:39+00:00","breadcrumb":{"@id":"https:\/\/aikido-ychoux.com\/index.php\/produit\/veste-bomber-recyclee\/#breadcrumb"},"inLanguage":"fr-FR","potentialAction":[{"@type":"ReadAction","target":["https:\/\/aikido-ychoux.com\/index.php\/produit\/veste-bomber-recyclee\/"]}]},{"@type":"ImageObject","inLanguage":"fr-FR","@id":"https:\/\/aikido-ychoux.com\/index.php\/produit\/veste-bomber-recyclee\/#primaryimage","url":"https:\/\/aikido-ychoux.com\/wp-content\/uploads\/2024\/04\/premium-recycled-bomber-jacket-black-front-662cc61501f82.jpg","contentUrl":"https:\/\/aikido-ychoux.com\/wp-content\/uploads\/2024\/04\/premium-recycled-bomber-jacket-black-front-662cc61501f82.jpg","width":2000,"height":2000},{"@type":"BreadcrumbList","@id":"https:\/\/aikido-ychoux.com\/index.php\/produit\/veste-bomber-recyclee\/#breadcrumb","itemListElement":[{"@type":"ListItem","position":1,"name":"Accueil","item":"https:\/\/aikido-ychoux.com\/"},{"@type":"ListItem","position":2,"name":"Boutique","item":"https:\/\/aikido-ychoux.com\/index.php\/boutique\/"},{"@type":"ListItem","position":3,"name":"Veste bomber recycl\u00e9e"}]},{"@type":"WebSite","@id":"https:\/\/aikido-ychoux.com\/#website","url":"https:\/\/aikido-ychoux.com\/","name":"A\u00efkido Ychoux","description":"Le site officiel du club d&#039;A\u00efkido de la ville d&#039;Ychoux","publisher":{"@id":"https:\/\/aikido-ychoux.com\/#organization"},"potentialAction":[{"@type":"SearchAction","target":{"@type":"EntryPoint","urlTemplate":"https:\/\/aikido-ychoux.com\/?s={search_term_string}"},"query-input":{"@type":"PropertyValueSpecification","valueRequired":true,"valueName":"search_term_string"}}],"inLanguage":"fr-FR"},{"@type":"Organization","@id":"https:\/\/aikido-ychoux.com\/#organization","name":"Budo Club Ychoussois","url":"https:\/\/aikido-ychoux.com\/","logo":{"@type":"ImageObject","inLanguage":"fr-FR","@id":"https:\/\/aikido-ychoux.com\/#\/schema\/logo\/image\/","url":"https:\/\/aikido-ychoux.com\/wp-content\/uploads\/2017\/08\/cropped-cercleYchouxCOL.png","contentUrl":"https:\/\/aikido-ychoux.com\/wp-content\/uploads\/2017\/08\/cropped-cercleYchouxCOL.png","width":512,"height":512,"caption":"Budo Club Ychoussois"},"image":{"@id":"https:\/\/aikido-ychoux.com\/#\/schema\/logo\/image\/"},"sameAs":["https:\/\/www.facebook.com\/budoclubychoux\/"]}]}},"_links":{"self":[{"href":"https:\/\/aikido-ychoux.com\/index.php\/wp-json\/wp\/v2\/product\/240441","targetHints":{"allow":["GET"]}}],"collection":[{"href":"https:\/\/aikido-ychoux.com\/index.php\/wp-json\/wp\/v2\/product"}],"about":[{"href":"https:\/\/aikido-ychoux.com\/index.php\/wp-json\/wp\/v2\/types\/product"}],"wp:featuredmedia":[{"embeddable":true,"href":"https:\/\/aikido-ychoux.com\/index.php\/wp-json\/wp\/v2\/media\/240450"}],"wp:attachment":[{"href":"https:\/\/aikido-ychoux.com\/index.php\/wp-json\/wp\/v2\/media?parent=240441"}],"wp:term":[{"taxonomy":"product_brand","embeddable":true,"href":"https:\/\/aikido-ychoux.com\/index.php\/wp-json\/wp\/v2\/product_brand?post=240441"},{"taxonomy":"product_cat","embeddable":true,"href":"https:\/\/aikido-ychoux.com\/index.php\/wp-json\/wp\/v2\/product_cat?post=240441"},{"taxonomy":"product_tag","embeddable":true,"href":"https:\/\/aikido-ychoux.com\/index.php\/wp-json\/wp\/v2\/product_tag?post=240441"}],"curies":[{"name":"wp","href":"https:\/\/api.w.org\/{rel}","templated":true}]}}