{"id":240426,"date":"2024-04-27T11:26:44","date_gmt":"2024-04-27T09:26:44","guid":{"rendered":"https:\/\/aikido-ychoux.com\/index.php\/produit\/sweat-ecologique-basique-unisexe\/"},"modified":"2024-08-26T19:50:14","modified_gmt":"2024-08-26T17:50:14","slug":"sweat-ecologique-basique-unisexe","status":"publish","type":"product","link":"https:\/\/aikido-ychoux.com\/index.php\/produit\/sweat-ecologique-basique-unisexe\/","title":{"rendered":"Sweat \u00e9cologique basique unisexe"},"content":{"rendered":"<p>Gr\u00e2ce \u00e0 ses mat\u00e9riaux biologiques, le sweat \u00e0 capuche \u00e9cologique classique unisexe est un excellent achat pour les amateurs de mode soucieux de l&rsquo;environnement. Ce sweat \u00e0 capuche \u00e0 la coupe classique et confortable est dot\u00e9 d&rsquo;une capuche doubl\u00e9e, de manches mont\u00e9es et d&rsquo;une poche avant.<\/p>\n<p>\u2022 100 % coton biologique<br \/>\n\u2022 Poids du tissu : 350 g\/m\u00b2 (10,32 oz\/yd\u00b2)<br \/>\n\u2022 Coupe droite<br \/>\n\u2022 Manches mont\u00e9es<br \/>\n\u2022 Capuche doubl\u00e9e en tissu<br \/>\n\u2022 Poche avant<br \/>\n\u2022 C\u00f4te 1\u00d71 \u00e0 l&rsquo;ourlet de la manche et \u00e0 l&rsquo;ourlet inf\u00e9rieur<br \/>\n\u2022 Couture sup\u00e9rieure \u00e0 point simple \u00e0 l&rsquo;encolure et le long de l&rsquo;ouverture de la capuche<br \/>\n\u2022 \u0152illets en m\u00e9tal<br \/>\n\u2022 Ruban int\u00e9rieur \u00e0 l&rsquo;arri\u00e8re du cou<br \/>\n\u2022 Demi-lune en tissu \u00e0 l&rsquo;arri\u00e8re du cou<br \/>\n\u2022 T\u00e9l\u00e9charger les certificats de produit \u00e9cologique<br \/>\n\u2022 Produit vierge provenant du Bangladesh<\/p>\n<p>Les tailles correspondent \u00e0 une taille plus petite sur le march\u00e9 am\u00e9ricain, les clients.es am\u00e9ricains.es doivent donc commander une taille au-dessus aux \u00c9tats-Unis.<\/p>\n","protected":false},"excerpt":{"rendered":"<p>Gr\u00e2ce \u00e0 ses mat\u00e9riaux biologiques, le sweat \u00e0 capuche \u00e9cologique classique unisexe est un excellent achat pour les amateurs de mode soucieux de l&rsquo;environnement. Ce sweat \u00e0 capuche \u00e0 la coupe classique et confortable est dot\u00e9 d&rsquo;une capuche doubl\u00e9e, de manches mont\u00e9es et d&rsquo;une poche avant. \u2022 100 % coton biologique \u2022 Poids du tissu [&hellip;]<\/p>\n","protected":false},"featured_media":240439,"template":"","meta":[],"product_brand":[],"product_cat":[114,113],"product_tag":[],"class_list":{"0":"post-240426","1":"product","2":"type-product","3":"status-publish","4":"has-post-thumbnail","6":"product_cat-femmes","7":"product_cat-hommes","9":"first","10":"instock","11":"shipping-taxable","12":"purchasable","13":"product-type-variable"},"yoast_head":"<!-- This site is optimized with the Yoast SEO plugin v27.4 - https:\/\/yoast.com\/product\/yoast-seo-wordpress\/ -->\n<title>Sweat \u00e9cologique basique unisexe - A\u00efkido Ychoux<\/title>\n<meta name=\"robots\" content=\"index, follow, max-snippet:-1, max-image-preview:large, max-video-preview:-1\" \/>\n<link rel=\"canonical\" href=\"https:\/\/aikido-ychoux.com\/index.php\/produit\/sweat-ecologique-basique-unisexe\/\" \/>\n<meta property=\"og:locale\" content=\"fr_FR\" \/>\n<meta property=\"og:type\" content=\"article\" \/>\n<meta property=\"og:title\" content=\"Sweat \u00e9cologique basique unisexe - A\u00efkido Ychoux\" \/>\n<meta property=\"og:description\" content=\"Gr\u00e2ce \u00e0 ses mat\u00e9riaux biologiques, le sweat \u00e0 capuche \u00e9cologique classique unisexe est un excellent achat pour les amateurs de mode soucieux de l&rsquo;environnement. Ce sweat \u00e0 capuche \u00e0 la coupe classique et confortable est dot\u00e9 d&rsquo;une capuche doubl\u00e9e, de manches mont\u00e9es et d&rsquo;une poche avant. \u2022 100 % coton biologique \u2022 Poids du tissu [&hellip;]\" \/>\n<meta property=\"og:url\" content=\"https:\/\/aikido-ychoux.com\/index.php\/produit\/sweat-ecologique-basique-unisexe\/\" \/>\n<meta property=\"og:site_name\" content=\"A\u00efkido Ychoux\" \/>\n<meta property=\"article:publisher\" content=\"https:\/\/www.facebook.com\/budoclubychoux\/\" \/>\n<meta property=\"article:modified_time\" content=\"2024-08-26T17:50:14+00:00\" \/>\n<meta property=\"og:image\" content=\"https:\/\/aikido-ychoux.com\/wp-content\/uploads\/2024\/04\/unisex-essential-eco-hoodie-white-front-662cc4bcb40af.jpg\" \/>\n\t<meta property=\"og:image:width\" content=\"2000\" \/>\n\t<meta property=\"og:image:height\" content=\"2000\" \/>\n\t<meta property=\"og:image:type\" content=\"image\/jpeg\" \/>\n<meta name=\"twitter:card\" content=\"summary_large_image\" \/>\n<meta name=\"twitter:label1\" content=\"Dur\u00e9e de lecture estim\u00e9e\" \/>\n\t<meta name=\"twitter:data1\" content=\"1 minute\" \/>\n<script type=\"application\/ld+json\" class=\"yoast-schema-graph\">{\"@context\":\"https:\\\/\\\/schema.org\",\"@graph\":[{\"@type\":\"WebPage\",\"@id\":\"https:\\\/\\\/aikido-ychoux.com\\\/index.php\\\/produit\\\/sweat-ecologique-basique-unisexe\\\/\",\"url\":\"https:\\\/\\\/aikido-ychoux.com\\\/index.php\\\/produit\\\/sweat-ecologique-basique-unisexe\\\/\",\"name\":\"Sweat \u00e9cologique basique unisexe - A\u00efkido Ychoux\",\"isPartOf\":{\"@id\":\"https:\\\/\\\/aikido-ychoux.com\\\/#website\"},\"primaryImageOfPage\":{\"@id\":\"https:\\\/\\\/aikido-ychoux.com\\\/index.php\\\/produit\\\/sweat-ecologique-basique-unisexe\\\/#primaryimage\"},\"image\":{\"@id\":\"https:\\\/\\\/aikido-ychoux.com\\\/index.php\\\/produit\\\/sweat-ecologique-basique-unisexe\\\/#primaryimage\"},\"thumbnailUrl\":\"https:\\\/\\\/aikido-ychoux.com\\\/wp-content\\\/uploads\\\/2024\\\/04\\\/unisex-essential-eco-hoodie-white-front-662cc4bcb40af.jpg\",\"datePublished\":\"2024-04-27T09:26:44+00:00\",\"dateModified\":\"2024-08-26T17:50:14+00:00\",\"breadcrumb\":{\"@id\":\"https:\\\/\\\/aikido-ychoux.com\\\/index.php\\\/produit\\\/sweat-ecologique-basique-unisexe\\\/#breadcrumb\"},\"inLanguage\":\"fr-FR\",\"potentialAction\":[{\"@type\":\"ReadAction\",\"target\":[\"https:\\\/\\\/aikido-ychoux.com\\\/index.php\\\/produit\\\/sweat-ecologique-basique-unisexe\\\/\"]}]},{\"@type\":\"ImageObject\",\"inLanguage\":\"fr-FR\",\"@id\":\"https:\\\/\\\/aikido-ychoux.com\\\/index.php\\\/produit\\\/sweat-ecologique-basique-unisexe\\\/#primaryimage\",\"url\":\"https:\\\/\\\/aikido-ychoux.com\\\/wp-content\\\/uploads\\\/2024\\\/04\\\/unisex-essential-eco-hoodie-white-front-662cc4bcb40af.jpg\",\"contentUrl\":\"https:\\\/\\\/aikido-ychoux.com\\\/wp-content\\\/uploads\\\/2024\\\/04\\\/unisex-essential-eco-hoodie-white-front-662cc4bcb40af.jpg\",\"width\":2000,\"height\":2000},{\"@type\":\"BreadcrumbList\",\"@id\":\"https:\\\/\\\/aikido-ychoux.com\\\/index.php\\\/produit\\\/sweat-ecologique-basique-unisexe\\\/#breadcrumb\",\"itemListElement\":[{\"@type\":\"ListItem\",\"position\":1,\"name\":\"Accueil\",\"item\":\"https:\\\/\\\/aikido-ychoux.com\\\/\"},{\"@type\":\"ListItem\",\"position\":2,\"name\":\"Boutique\",\"item\":\"https:\\\/\\\/aikido-ychoux.com\\\/index.php\\\/boutique\\\/\"},{\"@type\":\"ListItem\",\"position\":3,\"name\":\"Sweat \u00e9cologique basique unisexe\"}]},{\"@type\":\"WebSite\",\"@id\":\"https:\\\/\\\/aikido-ychoux.com\\\/#website\",\"url\":\"https:\\\/\\\/aikido-ychoux.com\\\/\",\"name\":\"A\u00efkido Ychoux\",\"description\":\"Le site officiel du club d&#039;A\u00efkido de la ville d&#039;Ychoux\",\"publisher\":{\"@id\":\"https:\\\/\\\/aikido-ychoux.com\\\/#organization\"},\"potentialAction\":[{\"@type\":\"SearchAction\",\"target\":{\"@type\":\"EntryPoint\",\"urlTemplate\":\"https:\\\/\\\/aikido-ychoux.com\\\/?s={search_term_string}\"},\"query-input\":{\"@type\":\"PropertyValueSpecification\",\"valueRequired\":true,\"valueName\":\"search_term_string\"}}],\"inLanguage\":\"fr-FR\"},{\"@type\":\"Organization\",\"@id\":\"https:\\\/\\\/aikido-ychoux.com\\\/#organization\",\"name\":\"Budo Club Ychoussois\",\"url\":\"https:\\\/\\\/aikido-ychoux.com\\\/\",\"logo\":{\"@type\":\"ImageObject\",\"inLanguage\":\"fr-FR\",\"@id\":\"https:\\\/\\\/aikido-ychoux.com\\\/#\\\/schema\\\/logo\\\/image\\\/\",\"url\":\"https:\\\/\\\/aikido-ychoux.com\\\/wp-content\\\/uploads\\\/2017\\\/08\\\/cropped-cercleYchouxCOL.png\",\"contentUrl\":\"https:\\\/\\\/aikido-ychoux.com\\\/wp-content\\\/uploads\\\/2017\\\/08\\\/cropped-cercleYchouxCOL.png\",\"width\":512,\"height\":512,\"caption\":\"Budo Club Ychoussois\"},\"image\":{\"@id\":\"https:\\\/\\\/aikido-ychoux.com\\\/#\\\/schema\\\/logo\\\/image\\\/\"},\"sameAs\":[\"https:\\\/\\\/www.facebook.com\\\/budoclubychoux\\\/\"]}]}<\/script>\n<!-- \/ Yoast SEO plugin. -->","yoast_head_json":{"title":"Sweat \u00e9cologique basique unisexe - A\u00efkido Ychoux","robots":{"index":"index","follow":"follow","max-snippet":"max-snippet:-1","max-image-preview":"max-image-preview:large","max-video-preview":"max-video-preview:-1"},"canonical":"https:\/\/aikido-ychoux.com\/index.php\/produit\/sweat-ecologique-basique-unisexe\/","og_locale":"fr_FR","og_type":"article","og_title":"Sweat \u00e9cologique basique unisexe - A\u00efkido Ychoux","og_description":"Gr\u00e2ce \u00e0 ses mat\u00e9riaux biologiques, le sweat \u00e0 capuche \u00e9cologique classique unisexe est un excellent achat pour les amateurs de mode soucieux de l&rsquo;environnement. Ce sweat \u00e0 capuche \u00e0 la coupe classique et confortable est dot\u00e9 d&rsquo;une capuche doubl\u00e9e, de manches mont\u00e9es et d&rsquo;une poche avant. \u2022 100 % coton biologique \u2022 Poids du tissu [&hellip;]","og_url":"https:\/\/aikido-ychoux.com\/index.php\/produit\/sweat-ecologique-basique-unisexe\/","og_site_name":"A\u00efkido Ychoux","article_publisher":"https:\/\/www.facebook.com\/budoclubychoux\/","article_modified_time":"2024-08-26T17:50:14+00:00","og_image":[{"width":2000,"height":2000,"url":"https:\/\/aikido-ychoux.com\/wp-content\/uploads\/2024\/04\/unisex-essential-eco-hoodie-white-front-662cc4bcb40af.jpg","type":"image\/jpeg"}],"twitter_card":"summary_large_image","twitter_misc":{"Dur\u00e9e de lecture estim\u00e9e":"1 minute"},"schema":{"@context":"https:\/\/schema.org","@graph":[{"@type":"WebPage","@id":"https:\/\/aikido-ychoux.com\/index.php\/produit\/sweat-ecologique-basique-unisexe\/","url":"https:\/\/aikido-ychoux.com\/index.php\/produit\/sweat-ecologique-basique-unisexe\/","name":"Sweat \u00e9cologique basique unisexe - A\u00efkido Ychoux","isPartOf":{"@id":"https:\/\/aikido-ychoux.com\/#website"},"primaryImageOfPage":{"@id":"https:\/\/aikido-ychoux.com\/index.php\/produit\/sweat-ecologique-basique-unisexe\/#primaryimage"},"image":{"@id":"https:\/\/aikido-ychoux.com\/index.php\/produit\/sweat-ecologique-basique-unisexe\/#primaryimage"},"thumbnailUrl":"https:\/\/aikido-ychoux.com\/wp-content\/uploads\/2024\/04\/unisex-essential-eco-hoodie-white-front-662cc4bcb40af.jpg","datePublished":"2024-04-27T09:26:44+00:00","dateModified":"2024-08-26T17:50:14+00:00","breadcrumb":{"@id":"https:\/\/aikido-ychoux.com\/index.php\/produit\/sweat-ecologique-basique-unisexe\/#breadcrumb"},"inLanguage":"fr-FR","potentialAction":[{"@type":"ReadAction","target":["https:\/\/aikido-ychoux.com\/index.php\/produit\/sweat-ecologique-basique-unisexe\/"]}]},{"@type":"ImageObject","inLanguage":"fr-FR","@id":"https:\/\/aikido-ychoux.com\/index.php\/produit\/sweat-ecologique-basique-unisexe\/#primaryimage","url":"https:\/\/aikido-ychoux.com\/wp-content\/uploads\/2024\/04\/unisex-essential-eco-hoodie-white-front-662cc4bcb40af.jpg","contentUrl":"https:\/\/aikido-ychoux.com\/wp-content\/uploads\/2024\/04\/unisex-essential-eco-hoodie-white-front-662cc4bcb40af.jpg","width":2000,"height":2000},{"@type":"BreadcrumbList","@id":"https:\/\/aikido-ychoux.com\/index.php\/produit\/sweat-ecologique-basique-unisexe\/#breadcrumb","itemListElement":[{"@type":"ListItem","position":1,"name":"Accueil","item":"https:\/\/aikido-ychoux.com\/"},{"@type":"ListItem","position":2,"name":"Boutique","item":"https:\/\/aikido-ychoux.com\/index.php\/boutique\/"},{"@type":"ListItem","position":3,"name":"Sweat \u00e9cologique basique unisexe"}]},{"@type":"WebSite","@id":"https:\/\/aikido-ychoux.com\/#website","url":"https:\/\/aikido-ychoux.com\/","name":"A\u00efkido Ychoux","description":"Le site officiel du club d&#039;A\u00efkido de la ville d&#039;Ychoux","publisher":{"@id":"https:\/\/aikido-ychoux.com\/#organization"},"potentialAction":[{"@type":"SearchAction","target":{"@type":"EntryPoint","urlTemplate":"https:\/\/aikido-ychoux.com\/?s={search_term_string}"},"query-input":{"@type":"PropertyValueSpecification","valueRequired":true,"valueName":"search_term_string"}}],"inLanguage":"fr-FR"},{"@type":"Organization","@id":"https:\/\/aikido-ychoux.com\/#organization","name":"Budo Club Ychoussois","url":"https:\/\/aikido-ychoux.com\/","logo":{"@type":"ImageObject","inLanguage":"fr-FR","@id":"https:\/\/aikido-ychoux.com\/#\/schema\/logo\/image\/","url":"https:\/\/aikido-ychoux.com\/wp-content\/uploads\/2017\/08\/cropped-cercleYchouxCOL.png","contentUrl":"https:\/\/aikido-ychoux.com\/wp-content\/uploads\/2017\/08\/cropped-cercleYchouxCOL.png","width":512,"height":512,"caption":"Budo Club Ychoussois"},"image":{"@id":"https:\/\/aikido-ychoux.com\/#\/schema\/logo\/image\/"},"sameAs":["https:\/\/www.facebook.com\/budoclubychoux\/"]}]}},"_links":{"self":[{"href":"https:\/\/aikido-ychoux.com\/index.php\/wp-json\/wp\/v2\/product\/240426","targetHints":{"allow":["GET"]}}],"collection":[{"href":"https:\/\/aikido-ychoux.com\/index.php\/wp-json\/wp\/v2\/product"}],"about":[{"href":"https:\/\/aikido-ychoux.com\/index.php\/wp-json\/wp\/v2\/types\/product"}],"wp:featuredmedia":[{"embeddable":true,"href":"https:\/\/aikido-ychoux.com\/index.php\/wp-json\/wp\/v2\/media\/240439"}],"wp:attachment":[{"href":"https:\/\/aikido-ychoux.com\/index.php\/wp-json\/wp\/v2\/media?parent=240426"}],"wp:term":[{"taxonomy":"product_brand","embeddable":true,"href":"https:\/\/aikido-ychoux.com\/index.php\/wp-json\/wp\/v2\/product_brand?post=240426"},{"taxonomy":"product_cat","embeddable":true,"href":"https:\/\/aikido-ychoux.com\/index.php\/wp-json\/wp\/v2\/product_cat?post=240426"},{"taxonomy":"product_tag","embeddable":true,"href":"https:\/\/aikido-ychoux.com\/index.php\/wp-json\/wp\/v2\/product_tag?post=240426"}],"curies":[{"name":"wp","href":"https:\/\/api.w.org\/{rel}","templated":true}]}}