{"id":239502,"date":"2022-07-31T15:36:43","date_gmt":"2022-07-31T13:36:43","guid":{"rendered":"https:\/\/aikido-ychoux.com\/index.php\/produit\/t-shirt-a-manches-courtes\/"},"modified":"2024-07-05T12:14:12","modified_gmt":"2024-07-05T10:14:12","slug":"t-shirt-a-manches-courtes","status":"publish","type":"product","link":"https:\/\/aikido-ychoux.com\/index.php\/produit\/t-shirt-a-manches-courtes\/","title":{"rendered":"T-shirt \u00e0 Manches Courtes"},"content":{"rendered":"<p>Ce T-shirt est confortable, doux, l\u00e9ger et cintr\u00e9. C&rsquo;est un basique id\u00e9al pour toute garde-robe !<\/p>\n<p>\u2022 100\u00a0% coton peign\u00e9 et fil\u00e9 \u00e0 l&rsquo;anneau<br \/>\n\u2022 Les coloris Heather Grey contiennent 90 % de coton et 10 % polyester<br \/>\n\u2022 Poids du tissu\u00a0: 146 g\/m\u00b2 (4,3 oz\/y\u00b2)<br \/>\n\u2022 32 fils<br \/>\n\u2022 Pr\u00e9-r\u00e9tr\u00e9ci<br \/>\n\u2022 Produit vierge provenant du Honduras, du Nicaragua, du Mexique ou du Cambodge<\/p>\n","protected":false},"excerpt":{"rendered":"<p>Ce T-shirt est confortable, doux, l\u00e9ger et cintr\u00e9. C&rsquo;est un basique id\u00e9al pour toute garde-robe ! \u2022 100\u00a0% coton peign\u00e9 et fil\u00e9 \u00e0 l&rsquo;anneau \u2022 Les coloris Heather Grey contiennent 90 % de coton et 10 % polyester \u2022 Poids du tissu\u00a0: 146 g\/m\u00b2 (4,3 oz\/y\u00b2) \u2022 32 fils \u2022 Pr\u00e9-r\u00e9tr\u00e9ci \u2022 Produit vierge provenant [&hellip;]<\/p>\n","protected":false},"featured_media":239526,"template":"","meta":[],"product_brand":[],"product_cat":[113,115],"product_tag":[],"class_list":{"0":"post-239502","1":"product","2":"type-product","3":"status-publish","4":"has-post-thumbnail","6":"product_cat-hommes","7":"product_cat-vetements","9":"first","10":"instock","11":"shipping-taxable","12":"purchasable","13":"product-type-variable"},"yoast_head":"<!-- This site is optimized with the Yoast SEO plugin v27.4 - https:\/\/yoast.com\/product\/yoast-seo-wordpress\/ -->\n<title>T-shirt \u00e0 Manches Courtes - A\u00efkido Ychoux<\/title>\n<meta name=\"robots\" content=\"index, follow, max-snippet:-1, max-image-preview:large, max-video-preview:-1\" \/>\n<link rel=\"canonical\" href=\"https:\/\/aikido-ychoux.com\/index.php\/produit\/t-shirt-a-manches-courtes\/\" \/>\n<meta property=\"og:locale\" content=\"fr_FR\" \/>\n<meta property=\"og:type\" content=\"article\" \/>\n<meta property=\"og:title\" content=\"T-shirt \u00e0 Manches Courtes - A\u00efkido Ychoux\" \/>\n<meta property=\"og:description\" content=\"Ce T-shirt est confortable, doux, l\u00e9ger et cintr\u00e9. C&rsquo;est un basique id\u00e9al pour toute garde-robe ! \u2022 100\u00a0% coton peign\u00e9 et fil\u00e9 \u00e0 l&rsquo;anneau \u2022 Les coloris Heather Grey contiennent 90 % de coton et 10 % polyester \u2022 Poids du tissu\u00a0: 146 g\/m\u00b2 (4,3 oz\/y\u00b2) \u2022 32 fils \u2022 Pr\u00e9-r\u00e9tr\u00e9ci \u2022 Produit vierge provenant [&hellip;]\" \/>\n<meta property=\"og:url\" content=\"https:\/\/aikido-ychoux.com\/index.php\/produit\/t-shirt-a-manches-courtes\/\" \/>\n<meta property=\"og:site_name\" content=\"A\u00efkido Ychoux\" \/>\n<meta property=\"article:publisher\" content=\"https:\/\/www.facebook.com\/budoclubychoux\/\" \/>\n<meta property=\"article:modified_time\" content=\"2024-07-05T10:14:12+00:00\" \/>\n<meta property=\"og:image\" content=\"https:\/\/aikido-ychoux.com\/wp-content\/uploads\/2022\/07\/mens-fitted-t-shirt-midnight-navy-front-62e68558ca522.jpg\" \/>\n\t<meta property=\"og:image:width\" content=\"2000\" \/>\n\t<meta property=\"og:image:height\" content=\"2000\" \/>\n\t<meta property=\"og:image:type\" content=\"image\/jpeg\" \/>\n<meta name=\"twitter:card\" content=\"summary_large_image\" \/>\n<script type=\"application\/ld+json\" class=\"yoast-schema-graph\">{\"@context\":\"https:\\\/\\\/schema.org\",\"@graph\":[{\"@type\":\"WebPage\",\"@id\":\"https:\\\/\\\/aikido-ychoux.com\\\/index.php\\\/produit\\\/t-shirt-a-manches-courtes\\\/\",\"url\":\"https:\\\/\\\/aikido-ychoux.com\\\/index.php\\\/produit\\\/t-shirt-a-manches-courtes\\\/\",\"name\":\"T-shirt \u00e0 Manches Courtes - A\u00efkido Ychoux\",\"isPartOf\":{\"@id\":\"https:\\\/\\\/aikido-ychoux.com\\\/#website\"},\"primaryImageOfPage\":{\"@id\":\"https:\\\/\\\/aikido-ychoux.com\\\/index.php\\\/produit\\\/t-shirt-a-manches-courtes\\\/#primaryimage\"},\"image\":{\"@id\":\"https:\\\/\\\/aikido-ychoux.com\\\/index.php\\\/produit\\\/t-shirt-a-manches-courtes\\\/#primaryimage\"},\"thumbnailUrl\":\"https:\\\/\\\/aikido-ychoux.com\\\/wp-content\\\/uploads\\\/2022\\\/07\\\/mens-fitted-t-shirt-midnight-navy-front-62e68558ca522.jpg\",\"datePublished\":\"2022-07-31T13:36:43+00:00\",\"dateModified\":\"2024-07-05T10:14:12+00:00\",\"breadcrumb\":{\"@id\":\"https:\\\/\\\/aikido-ychoux.com\\\/index.php\\\/produit\\\/t-shirt-a-manches-courtes\\\/#breadcrumb\"},\"inLanguage\":\"fr-FR\",\"potentialAction\":[{\"@type\":\"ReadAction\",\"target\":[\"https:\\\/\\\/aikido-ychoux.com\\\/index.php\\\/produit\\\/t-shirt-a-manches-courtes\\\/\"]}]},{\"@type\":\"ImageObject\",\"inLanguage\":\"fr-FR\",\"@id\":\"https:\\\/\\\/aikido-ychoux.com\\\/index.php\\\/produit\\\/t-shirt-a-manches-courtes\\\/#primaryimage\",\"url\":\"https:\\\/\\\/aikido-ychoux.com\\\/wp-content\\\/uploads\\\/2022\\\/07\\\/mens-fitted-t-shirt-midnight-navy-front-62e68558ca522.jpg\",\"contentUrl\":\"https:\\\/\\\/aikido-ychoux.com\\\/wp-content\\\/uploads\\\/2022\\\/07\\\/mens-fitted-t-shirt-midnight-navy-front-62e68558ca522.jpg\",\"width\":2000,\"height\":2000},{\"@type\":\"BreadcrumbList\",\"@id\":\"https:\\\/\\\/aikido-ychoux.com\\\/index.php\\\/produit\\\/t-shirt-a-manches-courtes\\\/#breadcrumb\",\"itemListElement\":[{\"@type\":\"ListItem\",\"position\":1,\"name\":\"Accueil\",\"item\":\"https:\\\/\\\/aikido-ychoux.com\\\/\"},{\"@type\":\"ListItem\",\"position\":2,\"name\":\"Boutique\",\"item\":\"https:\\\/\\\/aikido-ychoux.com\\\/index.php\\\/boutique\\\/\"},{\"@type\":\"ListItem\",\"position\":3,\"name\":\"T-shirt \u00e0 Manches Courtes\"}]},{\"@type\":\"WebSite\",\"@id\":\"https:\\\/\\\/aikido-ychoux.com\\\/#website\",\"url\":\"https:\\\/\\\/aikido-ychoux.com\\\/\",\"name\":\"A\u00efkido Ychoux\",\"description\":\"Le site officiel du club d&#039;A\u00efkido de la ville d&#039;Ychoux\",\"publisher\":{\"@id\":\"https:\\\/\\\/aikido-ychoux.com\\\/#organization\"},\"potentialAction\":[{\"@type\":\"SearchAction\",\"target\":{\"@type\":\"EntryPoint\",\"urlTemplate\":\"https:\\\/\\\/aikido-ychoux.com\\\/?s={search_term_string}\"},\"query-input\":{\"@type\":\"PropertyValueSpecification\",\"valueRequired\":true,\"valueName\":\"search_term_string\"}}],\"inLanguage\":\"fr-FR\"},{\"@type\":\"Organization\",\"@id\":\"https:\\\/\\\/aikido-ychoux.com\\\/#organization\",\"name\":\"Budo Club Ychoussois\",\"url\":\"https:\\\/\\\/aikido-ychoux.com\\\/\",\"logo\":{\"@type\":\"ImageObject\",\"inLanguage\":\"fr-FR\",\"@id\":\"https:\\\/\\\/aikido-ychoux.com\\\/#\\\/schema\\\/logo\\\/image\\\/\",\"url\":\"https:\\\/\\\/aikido-ychoux.com\\\/wp-content\\\/uploads\\\/2017\\\/08\\\/cropped-cercleYchouxCOL.png\",\"contentUrl\":\"https:\\\/\\\/aikido-ychoux.com\\\/wp-content\\\/uploads\\\/2017\\\/08\\\/cropped-cercleYchouxCOL.png\",\"width\":512,\"height\":512,\"caption\":\"Budo Club Ychoussois\"},\"image\":{\"@id\":\"https:\\\/\\\/aikido-ychoux.com\\\/#\\\/schema\\\/logo\\\/image\\\/\"},\"sameAs\":[\"https:\\\/\\\/www.facebook.com\\\/budoclubychoux\\\/\"]}]}<\/script>\n<!-- \/ Yoast SEO plugin. -->","yoast_head_json":{"title":"T-shirt \u00e0 Manches Courtes - A\u00efkido Ychoux","robots":{"index":"index","follow":"follow","max-snippet":"max-snippet:-1","max-image-preview":"max-image-preview:large","max-video-preview":"max-video-preview:-1"},"canonical":"https:\/\/aikido-ychoux.com\/index.php\/produit\/t-shirt-a-manches-courtes\/","og_locale":"fr_FR","og_type":"article","og_title":"T-shirt \u00e0 Manches Courtes - A\u00efkido Ychoux","og_description":"Ce T-shirt est confortable, doux, l\u00e9ger et cintr\u00e9. C&rsquo;est un basique id\u00e9al pour toute garde-robe ! \u2022 100\u00a0% coton peign\u00e9 et fil\u00e9 \u00e0 l&rsquo;anneau \u2022 Les coloris Heather Grey contiennent 90 % de coton et 10 % polyester \u2022 Poids du tissu\u00a0: 146 g\/m\u00b2 (4,3 oz\/y\u00b2) \u2022 32 fils \u2022 Pr\u00e9-r\u00e9tr\u00e9ci \u2022 Produit vierge provenant [&hellip;]","og_url":"https:\/\/aikido-ychoux.com\/index.php\/produit\/t-shirt-a-manches-courtes\/","og_site_name":"A\u00efkido Ychoux","article_publisher":"https:\/\/www.facebook.com\/budoclubychoux\/","article_modified_time":"2024-07-05T10:14:12+00:00","og_image":[{"width":2000,"height":2000,"url":"https:\/\/aikido-ychoux.com\/wp-content\/uploads\/2022\/07\/mens-fitted-t-shirt-midnight-navy-front-62e68558ca522.jpg","type":"image\/jpeg"}],"twitter_card":"summary_large_image","schema":{"@context":"https:\/\/schema.org","@graph":[{"@type":"WebPage","@id":"https:\/\/aikido-ychoux.com\/index.php\/produit\/t-shirt-a-manches-courtes\/","url":"https:\/\/aikido-ychoux.com\/index.php\/produit\/t-shirt-a-manches-courtes\/","name":"T-shirt \u00e0 Manches Courtes - A\u00efkido Ychoux","isPartOf":{"@id":"https:\/\/aikido-ychoux.com\/#website"},"primaryImageOfPage":{"@id":"https:\/\/aikido-ychoux.com\/index.php\/produit\/t-shirt-a-manches-courtes\/#primaryimage"},"image":{"@id":"https:\/\/aikido-ychoux.com\/index.php\/produit\/t-shirt-a-manches-courtes\/#primaryimage"},"thumbnailUrl":"https:\/\/aikido-ychoux.com\/wp-content\/uploads\/2022\/07\/mens-fitted-t-shirt-midnight-navy-front-62e68558ca522.jpg","datePublished":"2022-07-31T13:36:43+00:00","dateModified":"2024-07-05T10:14:12+00:00","breadcrumb":{"@id":"https:\/\/aikido-ychoux.com\/index.php\/produit\/t-shirt-a-manches-courtes\/#breadcrumb"},"inLanguage":"fr-FR","potentialAction":[{"@type":"ReadAction","target":["https:\/\/aikido-ychoux.com\/index.php\/produit\/t-shirt-a-manches-courtes\/"]}]},{"@type":"ImageObject","inLanguage":"fr-FR","@id":"https:\/\/aikido-ychoux.com\/index.php\/produit\/t-shirt-a-manches-courtes\/#primaryimage","url":"https:\/\/aikido-ychoux.com\/wp-content\/uploads\/2022\/07\/mens-fitted-t-shirt-midnight-navy-front-62e68558ca522.jpg","contentUrl":"https:\/\/aikido-ychoux.com\/wp-content\/uploads\/2022\/07\/mens-fitted-t-shirt-midnight-navy-front-62e68558ca522.jpg","width":2000,"height":2000},{"@type":"BreadcrumbList","@id":"https:\/\/aikido-ychoux.com\/index.php\/produit\/t-shirt-a-manches-courtes\/#breadcrumb","itemListElement":[{"@type":"ListItem","position":1,"name":"Accueil","item":"https:\/\/aikido-ychoux.com\/"},{"@type":"ListItem","position":2,"name":"Boutique","item":"https:\/\/aikido-ychoux.com\/index.php\/boutique\/"},{"@type":"ListItem","position":3,"name":"T-shirt \u00e0 Manches Courtes"}]},{"@type":"WebSite","@id":"https:\/\/aikido-ychoux.com\/#website","url":"https:\/\/aikido-ychoux.com\/","name":"A\u00efkido Ychoux","description":"Le site officiel du club d&#039;A\u00efkido de la ville d&#039;Ychoux","publisher":{"@id":"https:\/\/aikido-ychoux.com\/#organization"},"potentialAction":[{"@type":"SearchAction","target":{"@type":"EntryPoint","urlTemplate":"https:\/\/aikido-ychoux.com\/?s={search_term_string}"},"query-input":{"@type":"PropertyValueSpecification","valueRequired":true,"valueName":"search_term_string"}}],"inLanguage":"fr-FR"},{"@type":"Organization","@id":"https:\/\/aikido-ychoux.com\/#organization","name":"Budo Club Ychoussois","url":"https:\/\/aikido-ychoux.com\/","logo":{"@type":"ImageObject","inLanguage":"fr-FR","@id":"https:\/\/aikido-ychoux.com\/#\/schema\/logo\/image\/","url":"https:\/\/aikido-ychoux.com\/wp-content\/uploads\/2017\/08\/cropped-cercleYchouxCOL.png","contentUrl":"https:\/\/aikido-ychoux.com\/wp-content\/uploads\/2017\/08\/cropped-cercleYchouxCOL.png","width":512,"height":512,"caption":"Budo Club Ychoussois"},"image":{"@id":"https:\/\/aikido-ychoux.com\/#\/schema\/logo\/image\/"},"sameAs":["https:\/\/www.facebook.com\/budoclubychoux\/"]}]}},"_links":{"self":[{"href":"https:\/\/aikido-ychoux.com\/index.php\/wp-json\/wp\/v2\/product\/239502","targetHints":{"allow":["GET"]}}],"collection":[{"href":"https:\/\/aikido-ychoux.com\/index.php\/wp-json\/wp\/v2\/product"}],"about":[{"href":"https:\/\/aikido-ychoux.com\/index.php\/wp-json\/wp\/v2\/types\/product"}],"wp:featuredmedia":[{"embeddable":true,"href":"https:\/\/aikido-ychoux.com\/index.php\/wp-json\/wp\/v2\/media\/239526"}],"wp:attachment":[{"href":"https:\/\/aikido-ychoux.com\/index.php\/wp-json\/wp\/v2\/media?parent=239502"}],"wp:term":[{"taxonomy":"product_brand","embeddable":true,"href":"https:\/\/aikido-ychoux.com\/index.php\/wp-json\/wp\/v2\/product_brand?post=239502"},{"taxonomy":"product_cat","embeddable":true,"href":"https:\/\/aikido-ychoux.com\/index.php\/wp-json\/wp\/v2\/product_cat?post=239502"},{"taxonomy":"product_tag","embeddable":true,"href":"https:\/\/aikido-ychoux.com\/index.php\/wp-json\/wp\/v2\/product_tag?post=239502"}],"curies":[{"name":"wp","href":"https:\/\/api.w.org\/{rel}","templated":true}]}}