{"id":239187,"date":"2022-06-01T10:43:03","date_gmt":"2022-06-01T08:43:03","guid":{"rendered":"https:\/\/aikido-ychoux.com\/index.php\/produit\/t-shirt-moulant-ecologique-femme-samurai-collector-print\/"},"modified":"2024-08-27T13:50:37","modified_gmt":"2024-08-27T11:50:37","slug":"t-shirt-moulant-ecologique-femme-samurai-collector-print","status":"publish","type":"product","link":"https:\/\/aikido-ychoux.com\/index.php\/produit\/t-shirt-moulant-ecologique-femme-samurai-collector-print\/","title":{"rendered":"T-shirt moulant \u00e9cologique femme Samura\u00ef collector print"},"content":{"rendered":"<p>Le t-shirt ajust\u00e9 pour femme est un incontournable. Il est de haute qualit\u00e9, super confortable et \u00e9pouse les formes. Et surtout, il est en coton peign\u00e9 100% biologique, ce qui en fait le choix \u00e9cologique parfait\u00a0!<\/p>\n<p>\u2022 100\u00a0% biologique coton peign\u00e9 <br \/>\n\u2022 Poids du tissu\u00a0: 155 g\/m\u00b2 (4.57 oz\/yd\u00b2)<br \/>\n\u2022 Jersey simple<br \/>\n\u2022 Manches mont\u00e9es<br \/>\n\u2022 Col en c\u00f4te 1\u00d71 <br \/>\n\u2022 Double surpiq\u00fbre \u00e9troite sur les manches et les ourlets inf\u00e9rieurs<br \/>\n\u2022 Renfort assorti au cou (int\u00e9rieur, dos)<br \/>\n\u2022 Produit vierge provenant du Bangladesh<\/p>\n","protected":false},"excerpt":{"rendered":"<p>Le t-shirt ajust\u00e9 pour femme est un incontournable. Il est de haute qualit\u00e9, super confortable et \u00e9pouse les formes. Et surtout, il est en coton peign\u00e9 100% biologique, ce qui en fait le choix \u00e9cologique parfait\u00a0! \u2022 100\u00a0% biologique coton peign\u00e9 \u2022 Poids du tissu\u00a0: 155 g\/m\u00b2 (4.57 oz\/yd\u00b2) \u2022 Jersey simple \u2022 Manches mont\u00e9es [&hellip;]<\/p>\n","protected":false},"featured_media":239200,"template":"","meta":[],"product_brand":[],"product_cat":[114,115],"product_tag":[],"class_list":{"0":"post-239187","1":"product","2":"type-product","3":"status-publish","4":"has-post-thumbnail","6":"product_cat-femmes","7":"product_cat-vetements","9":"first","10":"outofstock","11":"shipping-taxable","12":"purchasable","13":"product-type-variable"},"yoast_head":"<!-- This site is optimized with the Yoast SEO plugin v27.4 - https:\/\/yoast.com\/product\/yoast-seo-wordpress\/ -->\n<title>T-shirt moulant \u00e9cologique femme Samura\u00ef collector print - A\u00efkido Ychoux<\/title>\n<meta name=\"robots\" content=\"index, follow, max-snippet:-1, max-image-preview:large, max-video-preview:-1\" \/>\n<link rel=\"canonical\" href=\"https:\/\/aikido-ychoux.com\/index.php\/produit\/t-shirt-moulant-ecologique-femme-samurai-collector-print\/\" \/>\n<meta property=\"og:locale\" content=\"fr_FR\" \/>\n<meta property=\"og:type\" content=\"article\" \/>\n<meta property=\"og:title\" content=\"T-shirt moulant \u00e9cologique femme Samura\u00ef collector print - A\u00efkido Ychoux\" \/>\n<meta property=\"og:description\" content=\"Le t-shirt ajust\u00e9 pour femme est un incontournable. Il est de haute qualit\u00e9, super confortable et \u00e9pouse les formes. Et surtout, il est en coton peign\u00e9 100% biologique, ce qui en fait le choix \u00e9cologique parfait\u00a0! \u2022 100\u00a0% biologique coton peign\u00e9 \u2022 Poids du tissu\u00a0: 155 g\/m\u00b2 (4.57 oz\/yd\u00b2) \u2022 Jersey simple \u2022 Manches mont\u00e9es [&hellip;]\" \/>\n<meta property=\"og:url\" content=\"https:\/\/aikido-ychoux.com\/index.php\/produit\/t-shirt-moulant-ecologique-femme-samurai-collector-print\/\" \/>\n<meta property=\"og:site_name\" content=\"A\u00efkido Ychoux\" \/>\n<meta property=\"article:publisher\" content=\"https:\/\/www.facebook.com\/budoclubychoux\/\" \/>\n<meta property=\"article:modified_time\" content=\"2024-08-27T11:50:37+00:00\" \/>\n<meta property=\"og:image\" content=\"https:\/\/aikido-ychoux.com\/wp-content\/uploads\/2022\/06\/womens-fitted-eco-tee-black-front-6297267fb133c.jpg\" \/>\n\t<meta property=\"og:image:width\" content=\"2000\" \/>\n\t<meta property=\"og:image:height\" content=\"2000\" \/>\n\t<meta property=\"og:image:type\" content=\"image\/jpeg\" \/>\n<meta name=\"twitter:card\" content=\"summary_large_image\" \/>\n<script type=\"application\/ld+json\" class=\"yoast-schema-graph\">{\"@context\":\"https:\\\/\\\/schema.org\",\"@graph\":[{\"@type\":\"WebPage\",\"@id\":\"https:\\\/\\\/aikido-ychoux.com\\\/index.php\\\/produit\\\/t-shirt-moulant-ecologique-femme-samurai-collector-print\\\/\",\"url\":\"https:\\\/\\\/aikido-ychoux.com\\\/index.php\\\/produit\\\/t-shirt-moulant-ecologique-femme-samurai-collector-print\\\/\",\"name\":\"T-shirt moulant \u00e9cologique femme Samura\u00ef collector print - A\u00efkido Ychoux\",\"isPartOf\":{\"@id\":\"https:\\\/\\\/aikido-ychoux.com\\\/#website\"},\"primaryImageOfPage\":{\"@id\":\"https:\\\/\\\/aikido-ychoux.com\\\/index.php\\\/produit\\\/t-shirt-moulant-ecologique-femme-samurai-collector-print\\\/#primaryimage\"},\"image\":{\"@id\":\"https:\\\/\\\/aikido-ychoux.com\\\/index.php\\\/produit\\\/t-shirt-moulant-ecologique-femme-samurai-collector-print\\\/#primaryimage\"},\"thumbnailUrl\":\"https:\\\/\\\/aikido-ychoux.com\\\/wp-content\\\/uploads\\\/2022\\\/06\\\/womens-fitted-eco-tee-black-front-6297267fb133c.jpg\",\"datePublished\":\"2022-06-01T08:43:03+00:00\",\"dateModified\":\"2024-08-27T11:50:37+00:00\",\"breadcrumb\":{\"@id\":\"https:\\\/\\\/aikido-ychoux.com\\\/index.php\\\/produit\\\/t-shirt-moulant-ecologique-femme-samurai-collector-print\\\/#breadcrumb\"},\"inLanguage\":\"fr-FR\",\"potentialAction\":[{\"@type\":\"ReadAction\",\"target\":[\"https:\\\/\\\/aikido-ychoux.com\\\/index.php\\\/produit\\\/t-shirt-moulant-ecologique-femme-samurai-collector-print\\\/\"]}]},{\"@type\":\"ImageObject\",\"inLanguage\":\"fr-FR\",\"@id\":\"https:\\\/\\\/aikido-ychoux.com\\\/index.php\\\/produit\\\/t-shirt-moulant-ecologique-femme-samurai-collector-print\\\/#primaryimage\",\"url\":\"https:\\\/\\\/aikido-ychoux.com\\\/wp-content\\\/uploads\\\/2022\\\/06\\\/womens-fitted-eco-tee-black-front-6297267fb133c.jpg\",\"contentUrl\":\"https:\\\/\\\/aikido-ychoux.com\\\/wp-content\\\/uploads\\\/2022\\\/06\\\/womens-fitted-eco-tee-black-front-6297267fb133c.jpg\",\"width\":2000,\"height\":2000},{\"@type\":\"BreadcrumbList\",\"@id\":\"https:\\\/\\\/aikido-ychoux.com\\\/index.php\\\/produit\\\/t-shirt-moulant-ecologique-femme-samurai-collector-print\\\/#breadcrumb\",\"itemListElement\":[{\"@type\":\"ListItem\",\"position\":1,\"name\":\"Accueil\",\"item\":\"https:\\\/\\\/aikido-ychoux.com\\\/\"},{\"@type\":\"ListItem\",\"position\":2,\"name\":\"Boutique\",\"item\":\"https:\\\/\\\/aikido-ychoux.com\\\/index.php\\\/boutique\\\/\"},{\"@type\":\"ListItem\",\"position\":3,\"name\":\"T-shirt moulant \u00e9cologique femme Samura\u00ef collector print\"}]},{\"@type\":\"WebSite\",\"@id\":\"https:\\\/\\\/aikido-ychoux.com\\\/#website\",\"url\":\"https:\\\/\\\/aikido-ychoux.com\\\/\",\"name\":\"A\u00efkido Ychoux\",\"description\":\"Le site officiel du club d&#039;A\u00efkido de la ville d&#039;Ychoux\",\"publisher\":{\"@id\":\"https:\\\/\\\/aikido-ychoux.com\\\/#organization\"},\"potentialAction\":[{\"@type\":\"SearchAction\",\"target\":{\"@type\":\"EntryPoint\",\"urlTemplate\":\"https:\\\/\\\/aikido-ychoux.com\\\/?s={search_term_string}\"},\"query-input\":{\"@type\":\"PropertyValueSpecification\",\"valueRequired\":true,\"valueName\":\"search_term_string\"}}],\"inLanguage\":\"fr-FR\"},{\"@type\":\"Organization\",\"@id\":\"https:\\\/\\\/aikido-ychoux.com\\\/#organization\",\"name\":\"Budo Club Ychoussois\",\"url\":\"https:\\\/\\\/aikido-ychoux.com\\\/\",\"logo\":{\"@type\":\"ImageObject\",\"inLanguage\":\"fr-FR\",\"@id\":\"https:\\\/\\\/aikido-ychoux.com\\\/#\\\/schema\\\/logo\\\/image\\\/\",\"url\":\"https:\\\/\\\/aikido-ychoux.com\\\/wp-content\\\/uploads\\\/2017\\\/08\\\/cropped-cercleYchouxCOL.png\",\"contentUrl\":\"https:\\\/\\\/aikido-ychoux.com\\\/wp-content\\\/uploads\\\/2017\\\/08\\\/cropped-cercleYchouxCOL.png\",\"width\":512,\"height\":512,\"caption\":\"Budo Club Ychoussois\"},\"image\":{\"@id\":\"https:\\\/\\\/aikido-ychoux.com\\\/#\\\/schema\\\/logo\\\/image\\\/\"},\"sameAs\":[\"https:\\\/\\\/www.facebook.com\\\/budoclubychoux\\\/\"]}]}<\/script>\n<!-- \/ Yoast SEO plugin. -->","yoast_head_json":{"title":"T-shirt moulant \u00e9cologique femme Samura\u00ef collector print - A\u00efkido Ychoux","robots":{"index":"index","follow":"follow","max-snippet":"max-snippet:-1","max-image-preview":"max-image-preview:large","max-video-preview":"max-video-preview:-1"},"canonical":"https:\/\/aikido-ychoux.com\/index.php\/produit\/t-shirt-moulant-ecologique-femme-samurai-collector-print\/","og_locale":"fr_FR","og_type":"article","og_title":"T-shirt moulant \u00e9cologique femme Samura\u00ef collector print - A\u00efkido Ychoux","og_description":"Le t-shirt ajust\u00e9 pour femme est un incontournable. Il est de haute qualit\u00e9, super confortable et \u00e9pouse les formes. Et surtout, il est en coton peign\u00e9 100% biologique, ce qui en fait le choix \u00e9cologique parfait\u00a0! \u2022 100\u00a0% biologique coton peign\u00e9 \u2022 Poids du tissu\u00a0: 155 g\/m\u00b2 (4.57 oz\/yd\u00b2) \u2022 Jersey simple \u2022 Manches mont\u00e9es [&hellip;]","og_url":"https:\/\/aikido-ychoux.com\/index.php\/produit\/t-shirt-moulant-ecologique-femme-samurai-collector-print\/","og_site_name":"A\u00efkido Ychoux","article_publisher":"https:\/\/www.facebook.com\/budoclubychoux\/","article_modified_time":"2024-08-27T11:50:37+00:00","og_image":[{"width":2000,"height":2000,"url":"https:\/\/aikido-ychoux.com\/wp-content\/uploads\/2022\/06\/womens-fitted-eco-tee-black-front-6297267fb133c.jpg","type":"image\/jpeg"}],"twitter_card":"summary_large_image","schema":{"@context":"https:\/\/schema.org","@graph":[{"@type":"WebPage","@id":"https:\/\/aikido-ychoux.com\/index.php\/produit\/t-shirt-moulant-ecologique-femme-samurai-collector-print\/","url":"https:\/\/aikido-ychoux.com\/index.php\/produit\/t-shirt-moulant-ecologique-femme-samurai-collector-print\/","name":"T-shirt moulant \u00e9cologique femme Samura\u00ef collector print - A\u00efkido Ychoux","isPartOf":{"@id":"https:\/\/aikido-ychoux.com\/#website"},"primaryImageOfPage":{"@id":"https:\/\/aikido-ychoux.com\/index.php\/produit\/t-shirt-moulant-ecologique-femme-samurai-collector-print\/#primaryimage"},"image":{"@id":"https:\/\/aikido-ychoux.com\/index.php\/produit\/t-shirt-moulant-ecologique-femme-samurai-collector-print\/#primaryimage"},"thumbnailUrl":"https:\/\/aikido-ychoux.com\/wp-content\/uploads\/2022\/06\/womens-fitted-eco-tee-black-front-6297267fb133c.jpg","datePublished":"2022-06-01T08:43:03+00:00","dateModified":"2024-08-27T11:50:37+00:00","breadcrumb":{"@id":"https:\/\/aikido-ychoux.com\/index.php\/produit\/t-shirt-moulant-ecologique-femme-samurai-collector-print\/#breadcrumb"},"inLanguage":"fr-FR","potentialAction":[{"@type":"ReadAction","target":["https:\/\/aikido-ychoux.com\/index.php\/produit\/t-shirt-moulant-ecologique-femme-samurai-collector-print\/"]}]},{"@type":"ImageObject","inLanguage":"fr-FR","@id":"https:\/\/aikido-ychoux.com\/index.php\/produit\/t-shirt-moulant-ecologique-femme-samurai-collector-print\/#primaryimage","url":"https:\/\/aikido-ychoux.com\/wp-content\/uploads\/2022\/06\/womens-fitted-eco-tee-black-front-6297267fb133c.jpg","contentUrl":"https:\/\/aikido-ychoux.com\/wp-content\/uploads\/2022\/06\/womens-fitted-eco-tee-black-front-6297267fb133c.jpg","width":2000,"height":2000},{"@type":"BreadcrumbList","@id":"https:\/\/aikido-ychoux.com\/index.php\/produit\/t-shirt-moulant-ecologique-femme-samurai-collector-print\/#breadcrumb","itemListElement":[{"@type":"ListItem","position":1,"name":"Accueil","item":"https:\/\/aikido-ychoux.com\/"},{"@type":"ListItem","position":2,"name":"Boutique","item":"https:\/\/aikido-ychoux.com\/index.php\/boutique\/"},{"@type":"ListItem","position":3,"name":"T-shirt moulant \u00e9cologique femme Samura\u00ef collector print"}]},{"@type":"WebSite","@id":"https:\/\/aikido-ychoux.com\/#website","url":"https:\/\/aikido-ychoux.com\/","name":"A\u00efkido Ychoux","description":"Le site officiel du club d&#039;A\u00efkido de la ville d&#039;Ychoux","publisher":{"@id":"https:\/\/aikido-ychoux.com\/#organization"},"potentialAction":[{"@type":"SearchAction","target":{"@type":"EntryPoint","urlTemplate":"https:\/\/aikido-ychoux.com\/?s={search_term_string}"},"query-input":{"@type":"PropertyValueSpecification","valueRequired":true,"valueName":"search_term_string"}}],"inLanguage":"fr-FR"},{"@type":"Organization","@id":"https:\/\/aikido-ychoux.com\/#organization","name":"Budo Club Ychoussois","url":"https:\/\/aikido-ychoux.com\/","logo":{"@type":"ImageObject","inLanguage":"fr-FR","@id":"https:\/\/aikido-ychoux.com\/#\/schema\/logo\/image\/","url":"https:\/\/aikido-ychoux.com\/wp-content\/uploads\/2017\/08\/cropped-cercleYchouxCOL.png","contentUrl":"https:\/\/aikido-ychoux.com\/wp-content\/uploads\/2017\/08\/cropped-cercleYchouxCOL.png","width":512,"height":512,"caption":"Budo Club Ychoussois"},"image":{"@id":"https:\/\/aikido-ychoux.com\/#\/schema\/logo\/image\/"},"sameAs":["https:\/\/www.facebook.com\/budoclubychoux\/"]}]}},"_links":{"self":[{"href":"https:\/\/aikido-ychoux.com\/index.php\/wp-json\/wp\/v2\/product\/239187","targetHints":{"allow":["GET"]}}],"collection":[{"href":"https:\/\/aikido-ychoux.com\/index.php\/wp-json\/wp\/v2\/product"}],"about":[{"href":"https:\/\/aikido-ychoux.com\/index.php\/wp-json\/wp\/v2\/types\/product"}],"wp:featuredmedia":[{"embeddable":true,"href":"https:\/\/aikido-ychoux.com\/index.php\/wp-json\/wp\/v2\/media\/239200"}],"wp:attachment":[{"href":"https:\/\/aikido-ychoux.com\/index.php\/wp-json\/wp\/v2\/media?parent=239187"}],"wp:term":[{"taxonomy":"product_brand","embeddable":true,"href":"https:\/\/aikido-ychoux.com\/index.php\/wp-json\/wp\/v2\/product_brand?post=239187"},{"taxonomy":"product_cat","embeddable":true,"href":"https:\/\/aikido-ychoux.com\/index.php\/wp-json\/wp\/v2\/product_cat?post=239187"},{"taxonomy":"product_tag","embeddable":true,"href":"https:\/\/aikido-ychoux.com\/index.php\/wp-json\/wp\/v2\/product_tag?post=239187"}],"curies":[{"name":"wp","href":"https:\/\/api.w.org\/{rel}","templated":true}]}}