{"id":2007,"date":"2022-04-21T14:25:09","date_gmt":"2022-04-21T12:25:09","guid":{"rendered":"https:\/\/aikido-ychoux.com\/?page_id=2007"},"modified":"2024-06-07T14:20:17","modified_gmt":"2024-06-07T12:20:17","slug":"femmes","status":"publish","type":"page","link":"https:\/\/aikido-ychoux.com\/index.php\/boutique\/femmes\/","title":{"rendered":"Femmes"},"content":{"rendered":"<div class=\"et_d4_element et_pb_section et_pb_section_0  et_pb_css_mix_blend_mode et_section_regular et_block_section\" >\n\t\t\t\t\n\t\t\t\t\n\t\t\t\t\n\t\t\t\t\n\t\t\t\t\n\t\t\t\t\n\t\t\t\t<div class=\"et_d4_element et_pb_row et_pb_row_0  et_pb_css_mix_blend_mode et_block_row\">\n\t\t\t\t<div class=\"et_d4_element et_pb_column_4_4 et_pb_column et_pb_column_0  et_pb_css_mix_blend_mode et-last-child et_block_column\">\n\t\t\t\t\n\t\t\t\t\n\t\t\t\t\n\t\t\t\t\n\t\t\t\t<div class=\"et_pb_module et_d4_element et_pb_shop et_pb_shop_0  et_pb_css_mix_blend_mode  et_pb_shop_grid\"  data-shortcode_index=\"0\">\n\t\t\t\t\n\t\t\t\t\n\t\t\t\t\n\t\t\t\t\n\t\t\t\t<div class=\"woocommerce columns-4 \"><div class=\"woocommerce-notices-wrapper\"><\/div><p class=\"woocommerce-result-count\" role=\"alert\" aria-relevant=\"all\" >\n\tAffichage de 1&ndash;12 sur 19 r\u00e9sultats<\/p>\n<form class=\"woocommerce-ordering\" method=\"get\">\n\t\t<select\n\t\tname=\"orderby\"\n\t\tclass=\"orderby\"\n\t\t\t\t\taria-label=\"Commande\"\n\t\t\t>\n\t\t\t\t\t<option value=\"menu_order\"  selected='selected'>Tri par d\u00e9faut<\/option>\n\t\t\t\t\t<option value=\"popularity\" >Tri par popularit\u00e9<\/option>\n\t\t\t\t\t<option value=\"date\" >Tri du plus r\u00e9cent au plus ancien<\/option>\n\t\t\t\t\t<option value=\"price\" >Tri par tarif croissant<\/option>\n\t\t\t\t\t<option value=\"price-desc\" >Tri par tarif d\u00e9croissant<\/option>\n\t\t\t<\/select>\n\t<input type=\"hidden\" name=\"paged\" value=\"1\" \/>\n\t<\/form>\n<ul class=\"products columns-4\">\n<li class=\"product type-product post-1710 status-publish first instock product_cat-femmes product_cat-vetements has-post-thumbnail shipping-taxable purchasable product-type-variable\">\n\t<a href=\"https:\/\/aikido-ychoux.com\/index.php\/produit\/sweat-a-capuche-unisexe\/\" class=\"woocommerce-LoopProduct-link woocommerce-loop-product__link\"><span class=\"et_shop_image\"><img loading=\"lazy\" decoding=\"async\" width=\"300\" height=\"300\" src=\"https:\/\/aikido-ychoux.com\/wp-content\/uploads\/2022\/02\/all-over-print-unisex-hoodie-white-front-62062e1c98305-300x300.jpg\" class=\"attachment-woocommerce_thumbnail size-woocommerce_thumbnail\" alt=\"Sweat \u00e0 Capuche Unisexe\" \/><span class=\"et_overlay\"><\/span><\/span><h2 class=\"woocommerce-loop-product__title\">Sweat \u00e0 Capuche Unisexe<\/h2>\n\t<span class=\"price\"><span class=\"woocommerce-Price-amount amount\" aria-hidden=\"true\"><bdi><span class=\"woocommerce-Price-currencySymbol\">&euro;<\/span>50.10<\/bdi><\/span> <span aria-hidden=\"true\">\u00a0\u2013\u00a0<\/span> <span class=\"woocommerce-Price-amount amount\" aria-hidden=\"true\"><bdi><span class=\"woocommerce-Price-currencySymbol\">&euro;<\/span>51.58<\/bdi><\/span><span class=\"screen-reader-text\">Plage de prix\u00a0: &euro;50.10 \u00e0 &euro;51.58<\/span><\/span>\n<\/a><\/li>\n<li class=\"product type-product post-1741 status-publish instock product_cat-femmes product_cat-hommes product_cat-vetements has-post-thumbnail shipping-taxable purchasable product-type-variable\">\n\t<a href=\"https:\/\/aikido-ychoux.com\/index.php\/produit\/sweat-shirt-unisexe\/\" class=\"woocommerce-LoopProduct-link woocommerce-loop-product__link\"><span class=\"et_shop_image\"><img loading=\"lazy\" decoding=\"async\" width=\"300\" height=\"300\" src=\"https:\/\/aikido-ychoux.com\/wp-content\/uploads\/2022\/02\/all-over-print-unisex-sweatshirt-white-front-62062f72d63f1-300x300.jpg\" class=\"attachment-woocommerce_thumbnail size-woocommerce_thumbnail\" alt=\"Sweat-Shirt Unisexe\" \/><span class=\"et_overlay\"><\/span><\/span><h2 class=\"woocommerce-loop-product__title\">Sweat-Shirt Unisexe<\/h2>\n\t<span class=\"price\"><span class=\"woocommerce-Price-amount amount\" aria-hidden=\"true\"><bdi><span class=\"woocommerce-Price-currencySymbol\">&euro;<\/span>46.12<\/bdi><\/span> <span aria-hidden=\"true\">\u00a0\u2013\u00a0<\/span> <span class=\"woocommerce-Price-amount amount\" aria-hidden=\"true\"><bdi><span class=\"woocommerce-Price-currencySymbol\">&euro;<\/span>47.60<\/bdi><\/span><span class=\"screen-reader-text\">Plage de prix\u00a0: &euro;46.12 \u00e0 &euro;47.60<\/span><\/span>\n<\/a><\/li>\n<li class=\"product type-product post-1766 status-publish instock product_cat-femmes product_cat-hommes product_cat-vetements has-post-thumbnail shipping-taxable purchasable product-type-variable\">\n\t<a href=\"https:\/\/aikido-ychoux.com\/index.php\/produit\/t-shirt-unisexe-a-manches-courtes\/\" class=\"woocommerce-LoopProduct-link woocommerce-loop-product__link\"><span class=\"et_shop_image\"><img loading=\"lazy\" decoding=\"async\" width=\"300\" height=\"300\" src=\"https:\/\/aikido-ychoux.com\/wp-content\/uploads\/2022\/02\/unisex-basic-softstyle-t-shirt-black-front-62065e9d0b496-300x300.jpg\" class=\"attachment-woocommerce_thumbnail size-woocommerce_thumbnail\" alt=\"T-shirt Unisexe \u00e0 Manches Courtes\" \/><span class=\"et_overlay\"><\/span><\/span><h2 class=\"woocommerce-loop-product__title\">T-shirt Unisexe \u00e0 Manches Courtes<\/h2>\n\t<span class=\"price\"><span class=\"woocommerce-Price-amount amount\" aria-hidden=\"true\"><bdi><span class=\"woocommerce-Price-currencySymbol\">&euro;<\/span>31.57<\/bdi><\/span> <span aria-hidden=\"true\">\u00a0\u2013\u00a0<\/span> <span class=\"woocommerce-Price-amount amount\" aria-hidden=\"true\"><bdi><span class=\"woocommerce-Price-currencySymbol\">&euro;<\/span>34.53<\/bdi><\/span><span class=\"screen-reader-text\">Plage de prix\u00a0: &euro;31.57 \u00e0 &euro;34.53<\/span><\/span>\n<\/a><\/li>\n<li class=\"product type-product post-239187 status-publish last outofstock product_cat-femmes product_cat-vetements has-post-thumbnail shipping-taxable purchasable product-type-variable\">\n\t<a href=\"https:\/\/aikido-ychoux.com\/index.php\/produit\/t-shirt-moulant-ecologique-femme-samurai-collector-print\/\" class=\"woocommerce-LoopProduct-link woocommerce-loop-product__link\"><span class=\"et_shop_image\"><img loading=\"lazy\" decoding=\"async\" width=\"300\" height=\"300\" src=\"https:\/\/aikido-ychoux.com\/wp-content\/uploads\/2022\/06\/womens-fitted-eco-tee-black-front-6297267fb133c-300x300.jpg\" class=\"attachment-woocommerce_thumbnail size-woocommerce_thumbnail\" alt=\"T-shirt moulant \u00e9cologique femme Samura\u00ef collector print\" \/><span class=\"et_overlay\"><\/span><\/span><h2 class=\"woocommerce-loop-product__title\">T-shirt moulant \u00e9cologique femme Samura\u00ef collector print<\/h2>\n\t<span class=\"price\"><span class=\"woocommerce-Price-amount amount\"><bdi><span class=\"woocommerce-Price-currencySymbol\">&euro;<\/span>23.00<\/bdi><\/span><\/span>\n<\/a><\/li>\n<li class=\"product type-product post-239202 status-publish first outofstock product_cat-femmes product_cat-vetements has-post-thumbnail shipping-taxable purchasable product-type-variable\">\n\t<a href=\"https:\/\/aikido-ychoux.com\/index.php\/produit\/t-shirt-moulant-ecologique-femme-onna-bugeisha-collector-print\/\" class=\"woocommerce-LoopProduct-link woocommerce-loop-product__link\"><span class=\"et_shop_image\"><img loading=\"lazy\" decoding=\"async\" width=\"300\" height=\"300\" src=\"https:\/\/aikido-ychoux.com\/wp-content\/uploads\/2022\/06\/womens-fitted-eco-tee-black-front-629726c9c6649-300x300.jpg\" class=\"attachment-woocommerce_thumbnail size-woocommerce_thumbnail\" alt=\"T-shirt moulant \u00e9cologique femme Onna Bugeisha collector print\" \/><span class=\"et_overlay\"><\/span><\/span><h2 class=\"woocommerce-loop-product__title\">T-shirt moulant \u00e9cologique femme Onna Bugeisha collector print<\/h2>\n\t<span class=\"price\"><span class=\"woocommerce-Price-amount amount\"><bdi><span class=\"woocommerce-Price-currencySymbol\">&euro;<\/span>23.00<\/bdi><\/span><\/span>\n<\/a><\/li>\n<li class=\"product type-product post-239614 status-publish outofstock product_cat-femmes product_cat-vetements has-post-thumbnail shipping-taxable purchasable product-type-variable\">\n\t<a href=\"https:\/\/aikido-ychoux.com\/index.php\/produit\/t-shirt-moulant-ecologique-femme-big-label\/\" class=\"woocommerce-LoopProduct-link woocommerce-loop-product__link\"><span class=\"et_shop_image\"><img loading=\"lazy\" decoding=\"async\" width=\"300\" height=\"300\" src=\"https:\/\/aikido-ychoux.com\/wp-content\/uploads\/2022\/08\/womens-fitted-eco-tee-white-front-62fab60cd1be0-300x300.jpg\" class=\"attachment-woocommerce_thumbnail size-woocommerce_thumbnail\" alt=\"T-shirt moulant \u00e9cologique femme Big Label\" \/><span class=\"et_overlay\"><\/span><\/span><h2 class=\"woocommerce-loop-product__title\">T-shirt moulant \u00e9cologique femme Big Label<\/h2>\n\t<span class=\"price\"><span class=\"woocommerce-Price-amount amount\"><bdi><span class=\"woocommerce-Price-currencySymbol\">&euro;<\/span>23.00<\/bdi><\/span><\/span>\n<\/a><\/li>\n<li class=\"product type-product post-239718 status-publish outofstock product_cat-femmes product_cat-vetements has-post-thumbnail shipping-taxable purchasable product-type-variable\">\n\t<a href=\"https:\/\/aikido-ychoux.com\/index.php\/produit\/t-shirt-moulant-ecologique-femme\/\" class=\"woocommerce-LoopProduct-link woocommerce-loop-product__link\"><span class=\"et_shop_image\"><img loading=\"lazy\" decoding=\"async\" width=\"300\" height=\"300\" src=\"https:\/\/aikido-ychoux.com\/wp-content\/uploads\/2023\/05\/womens-fitted-eco-tee-white-front-646738f9c26f5-300x300.jpg\" class=\"attachment-woocommerce_thumbnail size-woocommerce_thumbnail\" alt=\"T-shirt moulant \u00e9cologique femme\" \/><span class=\"et_overlay\"><\/span><\/span><h2 class=\"woocommerce-loop-product__title\">T-shirt moulant \u00e9cologique femme<\/h2>\n\t<span class=\"price\"><span class=\"woocommerce-Price-amount amount\"><bdi><span class=\"woocommerce-Price-currencySymbol\">&euro;<\/span>26.00<\/bdi><\/span><\/span>\n<\/a><\/li>\n<li class=\"product type-product post-239730 status-publish last outofstock product_cat-femmes product_cat-vetements has-post-thumbnail shipping-taxable purchasable product-type-variable\">\n\t<a href=\"https:\/\/aikido-ychoux.com\/index.php\/produit\/t-shirt-moulant-ecologique-femme-koi\/\" class=\"woocommerce-LoopProduct-link woocommerce-loop-product__link\"><span class=\"et_shop_image\"><img loading=\"lazy\" decoding=\"async\" width=\"300\" height=\"300\" src=\"https:\/\/aikido-ychoux.com\/wp-content\/uploads\/2023\/05\/womens-fitted-eco-tee-white-back-64673aa8bd793-300x300.jpg\" class=\"attachment-woocommerce_thumbnail size-woocommerce_thumbnail\" alt=\"T-shirt moulant \u00e9cologique femme KO\u00cf\" \/><span class=\"et_overlay\"><\/span><\/span><h2 class=\"woocommerce-loop-product__title\">T-shirt moulant \u00e9cologique femme KO\u00cf<\/h2>\n\t<span class=\"price\"><span class=\"woocommerce-Price-amount amount\"><bdi><span class=\"woocommerce-Price-currencySymbol\">&euro;<\/span>28.00<\/bdi><\/span><\/span>\n<\/a><\/li>\n<li class=\"product type-product post-240320 status-publish first instock product_cat-femmes product_cat-hommes has-post-thumbnail shipping-taxable purchasable product-type-variable\">\n\t<a href=\"https:\/\/aikido-ychoux.com\/index.php\/produit\/sweat-a-capuche-ecologique-raglan-unisexe\/\" class=\"woocommerce-LoopProduct-link woocommerce-loop-product__link\"><span class=\"et_shop_image\"><img loading=\"lazy\" decoding=\"async\" width=\"300\" height=\"300\" src=\"https:\/\/aikido-ychoux.com\/wp-content\/uploads\/2024\/02\/unisex-eco-raglan-hoodie-black-zoomed-in-65ccc48134f81-300x300.jpg\" class=\"attachment-woocommerce_thumbnail size-woocommerce_thumbnail\" alt=\"Sweat \u00e0 capuche \u00e9cologique Raglan unisexe\" \/><span class=\"et_overlay\"><\/span><\/span><h2 class=\"woocommerce-loop-product__title\">Sweat \u00e0 capuche \u00e9cologique Raglan unisexe<\/h2>\n\t<span class=\"price\"><span class=\"woocommerce-Price-amount amount\"><bdi><span class=\"woocommerce-Price-currencySymbol\">&euro;<\/span>45.50<\/bdi><\/span><\/span>\n<\/a><\/li>\n<li class=\"product type-product post-240426 status-publish instock product_cat-femmes product_cat-hommes has-post-thumbnail shipping-taxable purchasable product-type-variable\">\n\t<a href=\"https:\/\/aikido-ychoux.com\/index.php\/produit\/sweat-ecologique-basique-unisexe\/\" class=\"woocommerce-LoopProduct-link woocommerce-loop-product__link\"><span class=\"et_shop_image\"><img loading=\"lazy\" decoding=\"async\" width=\"300\" height=\"300\" src=\"https:\/\/aikido-ychoux.com\/wp-content\/uploads\/2024\/04\/unisex-essential-eco-hoodie-white-front-662cc4bcb40af-300x300.jpg\" class=\"attachment-woocommerce_thumbnail size-woocommerce_thumbnail\" alt=\"Sweat \u00e9cologique basique unisexe\" \/><span class=\"et_overlay\"><\/span><\/span><h2 class=\"woocommerce-loop-product__title\">Sweat \u00e9cologique basique unisexe<\/h2>\n\t<span class=\"price\"><span class=\"woocommerce-Price-amount amount\"><bdi><span class=\"woocommerce-Price-currencySymbol\">&euro;<\/span>53.00<\/bdi><\/span><\/span>\n<\/a><\/li>\n<li class=\"product type-product post-240441 status-publish outofstock product_cat-femmes product_cat-hommes has-post-thumbnail shipping-taxable purchasable product-type-variable\">\n\t<a href=\"https:\/\/aikido-ychoux.com\/index.php\/produit\/veste-bomber-recyclee\/\" class=\"woocommerce-LoopProduct-link woocommerce-loop-product__link\"><span class=\"et_shop_image\"><img loading=\"lazy\" decoding=\"async\" width=\"300\" height=\"300\" src=\"https:\/\/aikido-ychoux.com\/wp-content\/uploads\/2024\/04\/premium-recycled-bomber-jacket-black-front-662cc61501f82-300x300.jpg\" class=\"attachment-woocommerce_thumbnail size-woocommerce_thumbnail\" alt=\"Veste bomber recycl\u00e9e\" \/><span class=\"et_overlay\"><\/span><\/span><h2 class=\"woocommerce-loop-product__title\">Veste bomber recycl\u00e9e<\/h2>\n\t<span class=\"price\"><span class=\"woocommerce-Price-amount amount\" aria-hidden=\"true\"><bdi><span class=\"woocommerce-Price-currencySymbol\">&euro;<\/span>69.00<\/bdi><\/span> <span aria-hidden=\"true\">\u00a0\u2013\u00a0<\/span> <span class=\"woocommerce-Price-amount amount\" aria-hidden=\"true\"><bdi><span class=\"woocommerce-Price-currencySymbol\">&euro;<\/span>70.00<\/bdi><\/span><span class=\"screen-reader-text\">Plage de prix\u00a0: &euro;69.00 \u00e0 &euro;70.00<\/span><\/span>\n<\/a><\/li>\n<li class=\"product type-product post-240454 status-publish last instock product_cat-femmes has-post-thumbnail shipping-taxable purchasable product-type-variable\">\n\t<a href=\"https:\/\/aikido-ychoux.com\/index.php\/produit\/haut-court-a-manches-longues-en-matieres-recyclees\/\" class=\"woocommerce-LoopProduct-link woocommerce-loop-product__link\"><span class=\"et_shop_image\"><img loading=\"lazy\" decoding=\"async\" width=\"300\" height=\"300\" src=\"https:\/\/aikido-ychoux.com\/wp-content\/uploads\/2024\/04\/all-over-print-recycled-long-sleeve-crop-top-white-front-662cd43001664-300x300.jpg\" class=\"attachment-woocommerce_thumbnail size-woocommerce_thumbnail\" alt=\"Haut court \u00e0 manches longues en mati\u00e8res recycl\u00e9es\" \/><span class=\"et_overlay\"><\/span><\/span><h2 class=\"woocommerce-loop-product__title\">Haut court \u00e0 manches longues en mati\u00e8res recycl\u00e9es<\/h2>\n\t<span class=\"price\"><span class=\"woocommerce-Price-amount amount\"><bdi><span class=\"woocommerce-Price-currencySymbol\">&euro;<\/span>39.00<\/bdi><\/span><\/span>\n<\/a><\/li>\n<\/ul>\n<nav class=\"woocommerce-pagination\" aria-label=\"Pagination des produits\">\n\t<ul class='page-numbers'>\n\t<li><span aria-label=\"Page 1\" aria-current=\"page\" class=\"page-numbers current\">1<\/span><\/li>\n\t<li><a aria-label=\"Page 2\" class=\"page-numbers\" href=\"\/index.php\/wp-json\/wp\/v2\/pages\/2007?product-page=2\">2<\/a><\/li>\n\t<li><a class=\"next page-numbers\" href=\"\/index.php\/wp-json\/wp\/v2\/pages\/2007?product-page=2\">&rarr;<\/a><\/li>\n<\/ul>\n<\/nav>\n<\/div>\n\t\t\t<\/div>\n\t\t\t<\/div>\n\t\t\t\t\n\t\t\t\t\n\t\t\t\t\n\t\t\t\t\n\t\t\t<\/div>\n\t\t\t\t\n\t\t\t\t\n\t\t\t<\/div>\n","protected":false},"excerpt":{"rendered":"","protected":false},"author":1,"featured_media":0,"parent":1635,"menu_order":0,"comment_status":"closed","ping_status":"closed","template":"","meta":{"_et_pb_use_builder":"on","_et_pb_old_content":"","_et_gb_content_width":"","footnotes":""},"class_list":["post-2007","page","type-page","status-publish","hentry"],"yoast_head":"<!-- This site is optimized with the Yoast SEO plugin v27.4 - https:\/\/yoast.com\/product\/yoast-seo-wordpress\/ -->\n<title>Femmes - A\u00efkido Ychoux<\/title>\n<meta name=\"robots\" content=\"index, follow, max-snippet:-1, max-image-preview:large, max-video-preview:-1\" \/>\n<link rel=\"canonical\" href=\"https:\/\/aikido-ychoux.com\/index.php\/boutique\/femmes\/\" \/>\n<meta property=\"og:locale\" content=\"fr_FR\" \/>\n<meta property=\"og:type\" content=\"article\" \/>\n<meta property=\"og:title\" content=\"Femmes - A\u00efkido Ychoux\" \/>\n<meta property=\"og:url\" content=\"https:\/\/aikido-ychoux.com\/index.php\/boutique\/femmes\/\" \/>\n<meta property=\"og:site_name\" content=\"A\u00efkido Ychoux\" \/>\n<meta property=\"article:publisher\" content=\"https:\/\/www.facebook.com\/budoclubychoux\/\" \/>\n<meta property=\"article:modified_time\" content=\"2024-06-07T12:20:17+00:00\" \/>\n<meta name=\"twitter:card\" content=\"summary_large_image\" \/>\n<meta name=\"twitter:label1\" content=\"Dur\u00e9e de lecture estim\u00e9e\" \/>\n\t<meta name=\"twitter:data1\" content=\"4 minutes\" \/>\n<script type=\"application\/ld+json\" class=\"yoast-schema-graph\">{\"@context\":\"https:\\\/\\\/schema.org\",\"@graph\":[{\"@type\":\"WebPage\",\"@id\":\"https:\\\/\\\/aikido-ychoux.com\\\/index.php\\\/boutique\\\/femmes\\\/\",\"url\":\"https:\\\/\\\/aikido-ychoux.com\\\/index.php\\\/boutique\\\/femmes\\\/\",\"name\":\"Femmes - A\u00efkido Ychoux\",\"isPartOf\":{\"@id\":\"https:\\\/\\\/aikido-ychoux.com\\\/#website\"},\"datePublished\":\"2022-04-21T12:25:09+00:00\",\"dateModified\":\"2024-06-07T12:20:17+00:00\",\"breadcrumb\":{\"@id\":\"https:\\\/\\\/aikido-ychoux.com\\\/index.php\\\/boutique\\\/femmes\\\/#breadcrumb\"},\"inLanguage\":\"fr-FR\",\"potentialAction\":[{\"@type\":\"ReadAction\",\"target\":[\"https:\\\/\\\/aikido-ychoux.com\\\/index.php\\\/boutique\\\/femmes\\\/\"]}]},{\"@type\":\"BreadcrumbList\",\"@id\":\"https:\\\/\\\/aikido-ychoux.com\\\/index.php\\\/boutique\\\/femmes\\\/#breadcrumb\",\"itemListElement\":[{\"@type\":\"ListItem\",\"position\":1,\"name\":\"Accueil\",\"item\":\"https:\\\/\\\/aikido-ychoux.com\\\/\"},{\"@type\":\"ListItem\",\"position\":2,\"name\":\"Boutique\",\"item\":\"https:\\\/\\\/aikido-ychoux.com\\\/index.php\\\/boutique\\\/\"},{\"@type\":\"ListItem\",\"position\":3,\"name\":\"Femmes\"}]},{\"@type\":\"WebSite\",\"@id\":\"https:\\\/\\\/aikido-ychoux.com\\\/#website\",\"url\":\"https:\\\/\\\/aikido-ychoux.com\\\/\",\"name\":\"A\u00efkido Ychoux\",\"description\":\"Le site officiel du club d&#039;A\u00efkido de la ville d&#039;Ychoux\",\"publisher\":{\"@id\":\"https:\\\/\\\/aikido-ychoux.com\\\/#organization\"},\"potentialAction\":[{\"@type\":\"SearchAction\",\"target\":{\"@type\":\"EntryPoint\",\"urlTemplate\":\"https:\\\/\\\/aikido-ychoux.com\\\/?s={search_term_string}\"},\"query-input\":{\"@type\":\"PropertyValueSpecification\",\"valueRequired\":true,\"valueName\":\"search_term_string\"}}],\"inLanguage\":\"fr-FR\"},{\"@type\":\"Organization\",\"@id\":\"https:\\\/\\\/aikido-ychoux.com\\\/#organization\",\"name\":\"Budo Club Ychoussois\",\"url\":\"https:\\\/\\\/aikido-ychoux.com\\\/\",\"logo\":{\"@type\":\"ImageObject\",\"inLanguage\":\"fr-FR\",\"@id\":\"https:\\\/\\\/aikido-ychoux.com\\\/#\\\/schema\\\/logo\\\/image\\\/\",\"url\":\"https:\\\/\\\/aikido-ychoux.com\\\/wp-content\\\/uploads\\\/2017\\\/08\\\/cropped-cercleYchouxCOL.png\",\"contentUrl\":\"https:\\\/\\\/aikido-ychoux.com\\\/wp-content\\\/uploads\\\/2017\\\/08\\\/cropped-cercleYchouxCOL.png\",\"width\":512,\"height\":512,\"caption\":\"Budo Club Ychoussois\"},\"image\":{\"@id\":\"https:\\\/\\\/aikido-ychoux.com\\\/#\\\/schema\\\/logo\\\/image\\\/\"},\"sameAs\":[\"https:\\\/\\\/www.facebook.com\\\/budoclubychoux\\\/\"]}]}<\/script>\n<!-- \/ Yoast SEO plugin. -->","yoast_head_json":{"title":"Femmes - A\u00efkido Ychoux","robots":{"index":"index","follow":"follow","max-snippet":"max-snippet:-1","max-image-preview":"max-image-preview:large","max-video-preview":"max-video-preview:-1"},"canonical":"https:\/\/aikido-ychoux.com\/index.php\/boutique\/femmes\/","og_locale":"fr_FR","og_type":"article","og_title":"Femmes - A\u00efkido Ychoux","og_url":"https:\/\/aikido-ychoux.com\/index.php\/boutique\/femmes\/","og_site_name":"A\u00efkido Ychoux","article_publisher":"https:\/\/www.facebook.com\/budoclubychoux\/","article_modified_time":"2024-06-07T12:20:17+00:00","twitter_card":"summary_large_image","twitter_misc":{"Dur\u00e9e de lecture estim\u00e9e":"4 minutes"},"schema":{"@context":"https:\/\/schema.org","@graph":[{"@type":"WebPage","@id":"https:\/\/aikido-ychoux.com\/index.php\/boutique\/femmes\/","url":"https:\/\/aikido-ychoux.com\/index.php\/boutique\/femmes\/","name":"Femmes - A\u00efkido Ychoux","isPartOf":{"@id":"https:\/\/aikido-ychoux.com\/#website"},"datePublished":"2022-04-21T12:25:09+00:00","dateModified":"2024-06-07T12:20:17+00:00","breadcrumb":{"@id":"https:\/\/aikido-ychoux.com\/index.php\/boutique\/femmes\/#breadcrumb"},"inLanguage":"fr-FR","potentialAction":[{"@type":"ReadAction","target":["https:\/\/aikido-ychoux.com\/index.php\/boutique\/femmes\/"]}]},{"@type":"BreadcrumbList","@id":"https:\/\/aikido-ychoux.com\/index.php\/boutique\/femmes\/#breadcrumb","itemListElement":[{"@type":"ListItem","position":1,"name":"Accueil","item":"https:\/\/aikido-ychoux.com\/"},{"@type":"ListItem","position":2,"name":"Boutique","item":"https:\/\/aikido-ychoux.com\/index.php\/boutique\/"},{"@type":"ListItem","position":3,"name":"Femmes"}]},{"@type":"WebSite","@id":"https:\/\/aikido-ychoux.com\/#website","url":"https:\/\/aikido-ychoux.com\/","name":"A\u00efkido Ychoux","description":"Le site officiel du club d&#039;A\u00efkido de la ville d&#039;Ychoux","publisher":{"@id":"https:\/\/aikido-ychoux.com\/#organization"},"potentialAction":[{"@type":"SearchAction","target":{"@type":"EntryPoint","urlTemplate":"https:\/\/aikido-ychoux.com\/?s={search_term_string}"},"query-input":{"@type":"PropertyValueSpecification","valueRequired":true,"valueName":"search_term_string"}}],"inLanguage":"fr-FR"},{"@type":"Organization","@id":"https:\/\/aikido-ychoux.com\/#organization","name":"Budo Club Ychoussois","url":"https:\/\/aikido-ychoux.com\/","logo":{"@type":"ImageObject","inLanguage":"fr-FR","@id":"https:\/\/aikido-ychoux.com\/#\/schema\/logo\/image\/","url":"https:\/\/aikido-ychoux.com\/wp-content\/uploads\/2017\/08\/cropped-cercleYchouxCOL.png","contentUrl":"https:\/\/aikido-ychoux.com\/wp-content\/uploads\/2017\/08\/cropped-cercleYchouxCOL.png","width":512,"height":512,"caption":"Budo Club Ychoussois"},"image":{"@id":"https:\/\/aikido-ychoux.com\/#\/schema\/logo\/image\/"},"sameAs":["https:\/\/www.facebook.com\/budoclubychoux\/"]}]}},"_links":{"self":[{"href":"https:\/\/aikido-ychoux.com\/index.php\/wp-json\/wp\/v2\/pages\/2007","targetHints":{"allow":["GET"]}}],"collection":[{"href":"https:\/\/aikido-ychoux.com\/index.php\/wp-json\/wp\/v2\/pages"}],"about":[{"href":"https:\/\/aikido-ychoux.com\/index.php\/wp-json\/wp\/v2\/types\/page"}],"author":[{"embeddable":true,"href":"https:\/\/aikido-ychoux.com\/index.php\/wp-json\/wp\/v2\/users\/1"}],"replies":[{"embeddable":true,"href":"https:\/\/aikido-ychoux.com\/index.php\/wp-json\/wp\/v2\/comments?post=2007"}],"version-history":[{"count":8,"href":"https:\/\/aikido-ychoux.com\/index.php\/wp-json\/wp\/v2\/pages\/2007\/revisions"}],"predecessor-version":[{"id":240750,"href":"https:\/\/aikido-ychoux.com\/index.php\/wp-json\/wp\/v2\/pages\/2007\/revisions\/240750"}],"up":[{"embeddable":true,"href":"https:\/\/aikido-ychoux.com\/index.php\/wp-json\/wp\/v2\/pages\/1635"}],"wp:attachment":[{"href":"https:\/\/aikido-ychoux.com\/index.php\/wp-json\/wp\/v2\/media?parent=2007"}],"curies":[{"name":"wp","href":"https:\/\/api.w.org\/{rel}","templated":true}]}}