{"id":1639,"date":"2022-06-24T15:07:24","date_gmt":"2022-06-24T13:07:24","guid":{"rendered":"https:\/\/aikido-ychoux.com\/?page_id=1639"},"modified":"2022-06-24T15:07:24","modified_gmt":"2022-06-24T13:07:24","slug":"remboursements_retours","status":"publish","type":"page","link":"https:\/\/aikido-ychoux.com\/index.php\/remboursements_retours\/","title":{"rendered":"Conditions G\u00e9n\u00e9rales de Vente"},"content":{"rendered":"<p><strong>Budo Club Ychoussois\u00a0<\/strong><br \/>\nSoci\u00e9t\u00e9 association loi 1901 au capital de\u00a0 euros<br \/>\nSi\u00e8ge social rue F\u00e9lix Arnaudin, Mairie 40160 Ychoux ;<br \/>\nN\u00b0 de t\u00e9l\u00e9phone\u00a0 ; Adresse du courrier \u00e9lectronique\u00a0<a href=\"mailto:shop.budoychoussois@gmail.com\">shop.budoychoussois@gmail.com<\/a>;<br \/>\nRCS (ou R\u00e9pertoire des m\u00e9tiers) de\u00a0 n\u00b078213887900013 ;<br \/>\nNon assujetti \u00e0 la T.V.A.<\/p>\n<p>Le responsable de la publication personne physique est Budo Club Ychoussois;<\/p>\n<p>Conditions g\u00e9n\u00e9rales de vente des produits vendus sur le Budoshop du Budo Club Ychoussois<\/p>\n<p>Date de derni\u00e8re mise \u00e0 jour 13\/06\/2022<\/p>\n<p>Article 1 &#8211; Objet<\/p>\n<p>Les pr\u00e9sentes conditions r\u00e9gissent les ventes par l\u2019association Budo Club Ychoussois rue F\u00e9lix Arnaudin, Mairie 40160 Ychoux de merchandising produit \u00e0 la commande. Le budo club Ychoussois n\u2019est pas le producteur des articles propos\u00e9s \u00e0 la vente. Les articles sont produits par la Soci\u00e9t\u00e9 Printful lorsqu\u2019une commande est valid\u00e9e. L\u2019association Budo Club Ychoussois est l\u2019\u00e9diteur des motifs et designs appliqu\u00e9s \u00e0 la demande sur le produits de la soci\u00e9t\u00e9 Printful.<\/p>\n<p>Article 2 &#8211; Prix<\/p>\n<p>Les prix de nos produits sont indiqu\u00e9s en euros toutes taxes comprises (TVA et autres taxes applicables au jour de la commande), sauf indication contraire et hors frais de traitement et d&rsquo;exp\u00e9dition.<\/p>\n<p>En cas de commande vers un pays autre que la France m\u00e9tropolitaine vous \u00eates l&rsquo;importateur du ou des produits concern\u00e9s. Des droits de douane ou autres taxes locales ou droits d&rsquo;importation ou taxes d&rsquo;\u00e9tat sont susceptibles d&rsquo;\u00eatre exigibles. Ces droits et sommes ne rel\u00e8vent pas du ressort de l\u2019association Budo Club Ychoussois. Ils seront \u00e0 votre charge et rel\u00e8vent de votre enti\u00e8re responsabilit\u00e9, tant en termes de d\u00e9clarations que de paiements aux autorit\u00e9s et organismes comp\u00e9tents de votre pays. Nous vous conseillons de vous renseigner sur ces aspects aupr\u00e8s de vos autorit\u00e9s locales.<\/p>\n<p>Toutes les commandes quelle que soit leur origine sont payables en euros.<\/p>\n<p>L\u2019association Budo Club Ychoussois se r\u00e9serve le droit de modifier ses prix \u00e0 tout moment, mais le produit sera factur\u00e9 sur la base du tarif en vigueur au moment de la validation de la commande et sous r\u00e9serve de disponibilit\u00e9.<\/p>\n<p>Les produits demeurent la propri\u00e9t\u00e9 de la soci\u00e9t\u00e9 Printful jusqu&rsquo;au paiement complet du prix.<\/p>\n<p>Attention : d\u00e8s que vous prenez possession physiquement des produits command\u00e9s, les risques de perte ou d&rsquo;endommagement des produits vous sont transf\u00e9r\u00e9s.<\/p>\n<p>Article 3 &#8211; Commandes<br \/>\nVous pouvez passer commande :<\/p>\n<p>Sur Internet : <a href=\"https:\/\/aikido-ychoux.com\/index.php\/boutique\/\">\u00a0<\/a><a href=\"https:\/\/aikido-ychoux.com\/index.php\/boutique\/\">https:\/\/aikido-ychoux.com\/index.php\/boutique\/<\/a><\/p>\n<p>Les informations contractuelles sont pr\u00e9sent\u00e9es en langue fran\u00e7aise et feront l&rsquo;objet d&rsquo;une confirmation au plus tard au moment de la validation de votre commande.<\/p>\n<p>Le Budo Club Ychoussois et la soci\u00e9t\u00e9 Printful se r\u00e9servent le droit de ne pas enregistrer un paiement, et de ne pas confirmer une commande pour quelque raison que ce soit, et plus particuli\u00e8rement en cas de probl\u00e8me d&rsquo;approvisionnement, ou en cas de difficult\u00e9 concernant la commande re\u00e7ue.<\/p>\n<p>Article 4 &#8211; Validation de votre commande<\/p>\n<p>Toute commande figurant sur le site Internet <a href=\"https:\/\/aikido-ychoux.com\/index.php\/boutique\/\">https:\/\/aikido-ychoux.com\/index.php\/boutique\/<\/a>\u00a0suppose l&rsquo;adh\u00e9sion aux pr\u00e9sentes Conditions G\u00e9n\u00e9rales. Toute confirmation de commande entra\u00eene votre adh\u00e9sion pleine et enti\u00e8re aux pr\u00e9sentes conditions g\u00e9n\u00e9rales de vente, sans exception ni r\u00e9serve.<\/p>\n<p>L&rsquo;ensemble des donn\u00e9es fournies et la confirmation enregistr\u00e9e vaudront preuve de la transaction.<\/p>\n<p>Vous d\u00e9clarez en avoir parfaite connaissance.<\/p>\n<p>La confirmation de commande vaudra signature et acceptation des op\u00e9rations effectu\u00e9es.<\/p>\n<p>Un r\u00e9capitulatif des informations de votre commande et des pr\u00e9sentes Conditions G\u00e9n\u00e9rales, vous sera communiqu\u00e9 via l&rsquo;adresse e-mail de confirmation de votre commande.<\/p>\n<p>Article 5 &#8211; Paiement<\/p>\n<p>Le fait de valider votre commande implique pour vous l&rsquo;obligation de payer le prix indiqu\u00e9.<\/p>\n<p>Le r\u00e8glement de vos achats s&rsquo;effectue par carte bancaire gr\u00e2ce au syst\u00e8me s\u00e9curis\u00e9 paypal.<\/p>\n<p>Le d\u00e9bit de la carte n&rsquo;est effectu\u00e9 qu&rsquo;au moment de l&rsquo;exp\u00e9dition de la commande. En cas de livraisons fractionn\u00e9es, seuls les produits exp\u00e9di\u00e9s sont d\u00e9bit\u00e9s.<\/p>\n<p>Article 6 &#8211; R\u00e9tractation<\/p>\n<p>Conform\u00e9ment aux dispositions de l&rsquo;article L.121-21 du Code de la Consommation, vous disposez d&rsquo;un d\u00e9lai de r\u00e9tractation de 14 jours \u00e0 compter de la r\u00e9ception de vos produits pour exercer votre droit de r\u00e9traction sans avoir \u00e0 justifier de motifs ni \u00e0 payer de p\u00e9nalit\u00e9.<\/p>\n<p>Les retours sont \u00e0 effectuer dans leur \u00e9tat d&rsquo;origine et complets (emballage, accessoires, notice). Dans ce cadre, votre responsabilit\u00e9 est engag\u00e9e. Tout dommage subi par le produit \u00e0 cette occasion peut \u00eatre de nature \u00e0 faire \u00e9chec au droit de r\u00e9tractation.<\/p>\n<p>Les frais de retour sont A votre charge.<\/p>\n<p>En cas d&rsquo;exercice du droit de r\u00e9tractation, l\u2019association Budo Club Ychoussois proc\u00e9dera au remboursement des sommes vers\u00e9es, dans un d\u00e9lai de 14 jours suivant la notification de votre demande et via le m\u00eame moyen de paiement que celui utilis\u00e9 lors de la commande.<\/p>\n<p>EXCEPTIONS AU DROIT DE RETRACTATION<\/p>\n<p>Conform\u00e9ment aux dispositions de l&rsquo;article L.121-21-8 du Code de la Consommation,<\/p>\n<p>Conform\u00e9ment \u00e0 l&rsquo;article 16, points c) et e), de la directive 2011\/83\/UE du Parlement europ\u00e9en et du Conseil du 25 octobre 2011 relative aux droits des consommateurs, le droit de r\u00e9tractation ne peut \u00eatre pr\u00e9vu pour :<\/p>\n<ol>\n<li>la fourniture de biens qui sont fabriqu\u00e9s selon les sp\u00e9cifications du consommateur ou qui sont clairement personnalis\u00e9s ; ce qui est le cas de 100% des articles propos\u00e9s sur la boutique \u00e9dit\u00e9e par l\u2019association Budo Club Ychoussois et produit par Prinful<\/li>\n<li>les biens scell\u00e9s qui ont \u00e9t\u00e9 descell\u00e9s apr\u00e8s la livraison et qui ne peuvent donc pas \u00eatre retourn\u00e9s pour des raisons de protection de la sant\u00e9 ou d&rsquo;hygi\u00e8ne,<\/li>\n<\/ol>\n<p>&nbsp;<\/p>\n<p>La fourniture de services pleinement ex\u00e9cut\u00e9s avant la fin du d\u00e9lai de r\u00e9tractation et dont l&rsquo;ex\u00e9cution a commenc\u00e9 apr\u00e8s accord pr\u00e9alable expr\u00e8s du consommateur et renoncement expr\u00e8s \u00e0 son droit de r\u00e9tractation.<\/p>\n<p>&nbsp;<\/p>\n<p>La fourniture de biens qui, apr\u00e8s avoir \u00e9t\u00e9 livr\u00e9s et de par leur nature, sont m\u00e9lang\u00e9s de mani\u00e8re indissociable avec d&rsquo;autres articles ;<\/p>\n<p>&nbsp;<\/p>\n<p>Printful se r\u00e9serve donc le droit de refuser les retours \u00e0 sa seule discr\u00e9tion.<\/p>\n<p>Article 7- Disponibilit\u00e9<\/p>\n<p>Nos offres sont valables sous r\u00e9serve de disponibilit\u00e9 chez notre fournisseur printful<\/p>\n<p>.<br \/>\nEn cas d&rsquo;indisponibilit\u00e9 de produit apr\u00e8s passation de votre commande, nous vous en informerons par mail.<\/p>\n<p>En outre, le site Internet <a href=\"https:\/\/aikido-ychoux.com\/index.php\/boutique\/\">https:\/\/aikido-ychoux.com\/index.php\/boutique\/<\/a>\u00a0n&rsquo;a pas vocation \u00e0 vendre ses produits en quantit\u00e9s importantes.<br \/>\nArticle 8 &#8211; Livraison<\/p>\n<p>Les produits sont livr\u00e9s \u00e0 l&rsquo;adresse de livraison indiqu\u00e9e au cours du processus de commande, dans le d\u00e9lai indiqu\u00e9 sur la page de validation de la commande.<\/p>\n<p>En cas de livraisons par une transporteur, l\u2019association &lt;b&gt;Budo Club Ychoussois&lt;\/b&gt; \u00a0et la soci\u00e9t\u00e9 Printful ne peuvent \u00eatre tenus pour responsable de retard de livraison d\u00fb exclusivement \u00e0 une indisponibilit\u00e9 du client .&lt;h2&gt;Article 9 &#8211; Garantie&lt;\/h2&gt;<\/p>\n<p>Tous nos produits b\u00e9n\u00e9ficient de la garantie l\u00e9gale de conformit\u00e9 et de la garantie des vices cach\u00e9s, pr\u00e9vues par les articles 1641 et suivants du Code civil. En cas de non-conformit\u00e9 d&rsquo;un produit vendu, il pourra \u00eatre retourn\u00e9, \u00e9chang\u00e9 ou rembours\u00e9.<\/p>\n<p>Article 10 &#8211; Responsabilit\u00e9<\/p>\n<p>Les produits propos\u00e9s sont conformes \u00e0 la l\u00e9gislation fran\u00e7aise en vigueur. La responsabilit\u00e9 de la soci\u00e9t\u00e9 &lt;b&gt;Budo Club Ychoussois&lt;\/b&gt; ne saurait \u00eatre engag\u00e9e en cas de non-respect de la l\u00e9gislation du pays o\u00f9 le produit est livr\u00e9. Il vous appartient de v\u00e9rifier aupr\u00e8s des autorit\u00e9s locales les possibilit\u00e9s d&rsquo;importation ou d&rsquo;utilisation des produits ou services que vous envisagez de commander.<\/p>\n<p>Par ailleurs, l\u2019association et la soci\u00e9t\u00e9 Printful Budo Club Ychoussois ne saurait \u00eatre tenus pour responsables des dommages r\u00e9sultant d&rsquo;une mauvaise utilisation du produit achet\u00e9.<\/p>\n<p>Enfin la responsabilit\u00e9 de l\u2019association Budo Club Ychoussois ne saurait \u00eatre engag\u00e9e pour tous les inconv\u00e9nients ou dommages inh\u00e9rents \u00e0 l&rsquo;utilisation du r\u00e9seau Internet, notamment une rupture de service, une intrusion ext\u00e9rieure ou la pr\u00e9sence de virus informatiques.<\/p>\n<p>Article 11 &#8211; Droit applicable en cas de litiges<\/p>\n<p>La langue du pr\u00e9sent contrat est la langue fran\u00e7aise. Les pr\u00e9sentes conditions de vente sont soumises \u00e0 la loi fran\u00e7aise. En cas de litige, les tribunaux fran\u00e7ais seront<\/p>\n<p>les seuls comp\u00e9tents.<\/p>\n<p>Article 12 \u2013 Retours<\/p>\n<p>&nbsp;<\/p>\n<p>Toute r\u00e9clamation concernant des articles mal imprim\u00e9s, endommag\u00e9s ou d\u00e9fectueux doit \u00eatre soumise dans les 30 jours suivant la r\u00e9ception du produit. Pour les colis perdus en transit, toutes les r\u00e9clamations doivent \u00eatre soumises au plus tard 30 jours apr\u00e8s la date de livraison estim\u00e9e. Les r\u00e9clamations consid\u00e9r\u00e9es comme une erreur de notre part sont couvertes \u00e0 nos frais.<\/p>\n<p>&nbsp;<\/p>\n<p>Si vous ou vos clients remarquent un probl\u00e8me sur les produits ou tout autre \u00e9l\u00e9ment de la commande, veuillez soumettre un rapport de probl\u00e8me.<\/p>\n<p>&nbsp;<\/p>\n<p>L&rsquo;adresse de retour est fix\u00e9e par d\u00e9faut \u00e0 l&rsquo;\u00e9tablissement Printful. Lorsque nous recevons un envoi retourn\u00e9, une notification automatique par courriel vous est envoy\u00e9e. Les retours non r\u00e9clam\u00e9s sont donn\u00e9s \u00e0 des \u0153uvres caritatives apr\u00e8s 30 jours. Si le site Printful n&rsquo;est pas utilis\u00e9 comme adresse de retour, vous serez responsable des envois retourn\u00e9s que vous recevrez.<\/p>\n<p>Article 13 &#8211; Propri\u00e9t\u00e9 intellectuelle<\/p>\n<p>Tous les \u00e9l\u00e9ments du site <a href=\"https:\/\/aikido-ychoux.com\/index.php\/boutique\/\">https:\/\/aikido-ychoux.com\/index.php\/boutique\/<\/a> sont et restent la propri\u00e9t\u00e9 intellectuelle et exclusive de la soci\u00e9t\u00e9 Budo Club Ychoussois. Nul n&rsquo;est autoris\u00e9 \u00e0 reproduire, exploiter, rediffuser, ou utiliser \u00e0 quelque titre que ce soit, m\u00eame partiellement, des \u00e9l\u00e9ments du site qu&rsquo;ils soient logiciels, visuels ou sonores. Tout lien simple ou par hypertexte est strictement interdit sans un accord \u00e9crit expr\u00e8s de la soci\u00e9t\u00e9 Budo Club Ychoussois.<\/p>\n<p>&nbsp;<\/p>\n<p>Article 14 &#8211; Donn\u00e9es personnelles<\/p>\n<p>La soci\u00e9t\u00e9 Budo Club Ychoussois se r\u00e9serve le droit de collecter les informations nominatives et les donn\u00e9es personnelles vous concernant. Elles sont n\u00e9cessaires \u00e0 la gestion de votre commande, ainsi qu&rsquo;\u00e0 l&rsquo;am\u00e9lioration des services et des informations que nous vous adressons.<\/p>\n<p>Elles peuvent aussi \u00eatre transmises aux soci\u00e9t\u00e9s qui contribuent \u00e0 ces relations, telles que celles charg\u00e9es de l&rsquo;ex\u00e9cution des services et commandes pour leur gestion, ex\u00e9cution, traitement et paiement.<\/p>\n<p>Ces informations et donn\u00e9es sont \u00e9galement conserv\u00e9es \u00e0 des fins de s\u00e9curit\u00e9, afin de respecter les obligations l\u00e9gales et r\u00e9glementaires.<\/p>\n<p>Conform\u00e9ment \u00e0 la loi du 6 janvier 1978, vous disposez d&rsquo;un droit d&rsquo;acc\u00e8s, de rectification et d&rsquo;opposition aux informations nominatives et aux donn\u00e9es personnelles vous concernant, directement sur le site Internet.<\/p>\n<p>Article 15 &#8211; Archivage Preuve<\/p>\n<p>La soci\u00e9t\u00e9 Budo Club Ychoussois archivera les bons de commandes et les factures sur un support fiable et durable constituant une copie fid\u00e8le conform\u00e9ment aux dispositions de l&rsquo;article 1348 du Code civil.<\/p>\n<p>Les registres informatis\u00e9s de la soci\u00e9t\u00e9 Budo Club Ychoussois seront consid\u00e9r\u00e9s par toutes les parties concern\u00e9es comme preuve des communications, commandes, paiements et transactions intervenus entre les parties.<\/p>\n<p>&nbsp;<\/p>\n<p>&nbsp;<\/p>\n<p>&nbsp;<\/p>\n","protected":false},"excerpt":{"rendered":"<p>Budo Club Ychoussois\u00a0 Soci\u00e9t\u00e9 association loi 1901 au capital de\u00a0 euros Si\u00e8ge social rue F\u00e9lix Arnaudin, Mairie 40160 Ychoux ; N\u00b0 de t\u00e9l\u00e9phone\u00a0 ; Adresse du courrier \u00e9lectronique\u00a0shop.budoychoussois@gmail.com; RCS (ou R\u00e9pertoire des m\u00e9tiers) de\u00a0 n\u00b078213887900013 ; Non assujetti \u00e0 la T.V.A. Le responsable de la publication personne physique est Budo Club Ychoussois; Conditions g\u00e9n\u00e9rales de [&hellip;]<\/p>\n","protected":false},"author":1,"featured_media":0,"parent":0,"menu_order":0,"comment_status":"closed","ping_status":"closed","template":"","meta":{"footnotes":""},"class_list":["post-1639","page","type-page","status-publish","hentry"],"yoast_head":"<!-- This site is optimized with the Yoast SEO plugin v27.5 - https:\/\/yoast.com\/product\/yoast-seo-wordpress\/ -->\n<title>Conditions G\u00e9n\u00e9rales de Vente - A\u00efkido Ychoux<\/title>\n<meta name=\"robots\" content=\"index, follow, max-snippet:-1, max-image-preview:large, max-video-preview:-1\" \/>\n<link rel=\"canonical\" href=\"https:\/\/aikido-ychoux.com\/index.php\/remboursements_retours\/\" \/>\n<meta property=\"og:locale\" content=\"fr_FR\" \/>\n<meta property=\"og:type\" content=\"article\" \/>\n<meta property=\"og:title\" content=\"Conditions G\u00e9n\u00e9rales de Vente - A\u00efkido Ychoux\" \/>\n<meta property=\"og:description\" content=\"Budo Club Ychoussois\u00a0 Soci\u00e9t\u00e9 association loi 1901 au capital de\u00a0 euros Si\u00e8ge social rue F\u00e9lix Arnaudin, Mairie 40160 Ychoux ; N\u00b0 de t\u00e9l\u00e9phone\u00a0 ; Adresse du courrier \u00e9lectronique\u00a0shop.budoychoussois@gmail.com; RCS (ou R\u00e9pertoire des m\u00e9tiers) de\u00a0 n\u00b078213887900013 ; Non assujetti \u00e0 la T.V.A. Le responsable de la publication personne physique est Budo Club Ychoussois; Conditions g\u00e9n\u00e9rales de [&hellip;]\" \/>\n<meta property=\"og:url\" content=\"https:\/\/aikido-ychoux.com\/index.php\/remboursements_retours\/\" \/>\n<meta property=\"og:site_name\" content=\"A\u00efkido Ychoux\" \/>\n<meta property=\"article:publisher\" content=\"https:\/\/www.facebook.com\/budoclubychoux\/\" \/>\n<meta name=\"twitter:card\" content=\"summary_large_image\" \/>\n<meta name=\"twitter:label1\" content=\"Dur\u00e9e de lecture estim\u00e9e\" \/>\n\t<meta name=\"twitter:data1\" content=\"8 minutes\" \/>\n<script type=\"application\/ld+json\" class=\"yoast-schema-graph\">{\"@context\":\"https:\\\/\\\/schema.org\",\"@graph\":[{\"@type\":\"WebPage\",\"@id\":\"https:\\\/\\\/aikido-ychoux.com\\\/index.php\\\/remboursements_retours\\\/\",\"url\":\"https:\\\/\\\/aikido-ychoux.com\\\/index.php\\\/remboursements_retours\\\/\",\"name\":\"Conditions G\u00e9n\u00e9rales de Vente - A\u00efkido Ychoux\",\"isPartOf\":{\"@id\":\"https:\\\/\\\/aikido-ychoux.com\\\/#website\"},\"datePublished\":\"2022-06-24T13:07:24+00:00\",\"breadcrumb\":{\"@id\":\"https:\\\/\\\/aikido-ychoux.com\\\/index.php\\\/remboursements_retours\\\/#breadcrumb\"},\"inLanguage\":\"fr-FR\",\"potentialAction\":[{\"@type\":\"ReadAction\",\"target\":[\"https:\\\/\\\/aikido-ychoux.com\\\/index.php\\\/remboursements_retours\\\/\"]}]},{\"@type\":\"BreadcrumbList\",\"@id\":\"https:\\\/\\\/aikido-ychoux.com\\\/index.php\\\/remboursements_retours\\\/#breadcrumb\",\"itemListElement\":[{\"@type\":\"ListItem\",\"position\":1,\"name\":\"Accueil\",\"item\":\"https:\\\/\\\/aikido-ychoux.com\\\/\"},{\"@type\":\"ListItem\",\"position\":2,\"name\":\"Conditions G\u00e9n\u00e9rales de Vente\"}]},{\"@type\":\"WebSite\",\"@id\":\"https:\\\/\\\/aikido-ychoux.com\\\/#website\",\"url\":\"https:\\\/\\\/aikido-ychoux.com\\\/\",\"name\":\"A\u00efkido Ychoux\",\"description\":\"Le site officiel du club d&#039;A\u00efkido de la ville d&#039;Ychoux\",\"publisher\":{\"@id\":\"https:\\\/\\\/aikido-ychoux.com\\\/#organization\"},\"potentialAction\":[{\"@type\":\"SearchAction\",\"target\":{\"@type\":\"EntryPoint\",\"urlTemplate\":\"https:\\\/\\\/aikido-ychoux.com\\\/?s={search_term_string}\"},\"query-input\":{\"@type\":\"PropertyValueSpecification\",\"valueRequired\":true,\"valueName\":\"search_term_string\"}}],\"inLanguage\":\"fr-FR\"},{\"@type\":\"Organization\",\"@id\":\"https:\\\/\\\/aikido-ychoux.com\\\/#organization\",\"name\":\"Budo Club Ychoussois\",\"url\":\"https:\\\/\\\/aikido-ychoux.com\\\/\",\"logo\":{\"@type\":\"ImageObject\",\"inLanguage\":\"fr-FR\",\"@id\":\"https:\\\/\\\/aikido-ychoux.com\\\/#\\\/schema\\\/logo\\\/image\\\/\",\"url\":\"https:\\\/\\\/aikido-ychoux.com\\\/wp-content\\\/uploads\\\/2017\\\/08\\\/cropped-cercleYchouxCOL.png\",\"contentUrl\":\"https:\\\/\\\/aikido-ychoux.com\\\/wp-content\\\/uploads\\\/2017\\\/08\\\/cropped-cercleYchouxCOL.png\",\"width\":512,\"height\":512,\"caption\":\"Budo Club Ychoussois\"},\"image\":{\"@id\":\"https:\\\/\\\/aikido-ychoux.com\\\/#\\\/schema\\\/logo\\\/image\\\/\"},\"sameAs\":[\"https:\\\/\\\/www.facebook.com\\\/budoclubychoux\\\/\"]}]}<\/script>\n<!-- \/ Yoast SEO plugin. -->","yoast_head_json":{"title":"Conditions G\u00e9n\u00e9rales de Vente - A\u00efkido Ychoux","robots":{"index":"index","follow":"follow","max-snippet":"max-snippet:-1","max-image-preview":"max-image-preview:large","max-video-preview":"max-video-preview:-1"},"canonical":"https:\/\/aikido-ychoux.com\/index.php\/remboursements_retours\/","og_locale":"fr_FR","og_type":"article","og_title":"Conditions G\u00e9n\u00e9rales de Vente - A\u00efkido Ychoux","og_description":"Budo Club Ychoussois\u00a0 Soci\u00e9t\u00e9 association loi 1901 au capital de\u00a0 euros Si\u00e8ge social rue F\u00e9lix Arnaudin, Mairie 40160 Ychoux ; N\u00b0 de t\u00e9l\u00e9phone\u00a0 ; Adresse du courrier \u00e9lectronique\u00a0shop.budoychoussois@gmail.com; RCS (ou R\u00e9pertoire des m\u00e9tiers) de\u00a0 n\u00b078213887900013 ; Non assujetti \u00e0 la T.V.A. Le responsable de la publication personne physique est Budo Club Ychoussois; Conditions g\u00e9n\u00e9rales de [&hellip;]","og_url":"https:\/\/aikido-ychoux.com\/index.php\/remboursements_retours\/","og_site_name":"A\u00efkido Ychoux","article_publisher":"https:\/\/www.facebook.com\/budoclubychoux\/","twitter_card":"summary_large_image","twitter_misc":{"Dur\u00e9e de lecture estim\u00e9e":"8 minutes"},"schema":{"@context":"https:\/\/schema.org","@graph":[{"@type":"WebPage","@id":"https:\/\/aikido-ychoux.com\/index.php\/remboursements_retours\/","url":"https:\/\/aikido-ychoux.com\/index.php\/remboursements_retours\/","name":"Conditions G\u00e9n\u00e9rales de Vente - A\u00efkido Ychoux","isPartOf":{"@id":"https:\/\/aikido-ychoux.com\/#website"},"datePublished":"2022-06-24T13:07:24+00:00","breadcrumb":{"@id":"https:\/\/aikido-ychoux.com\/index.php\/remboursements_retours\/#breadcrumb"},"inLanguage":"fr-FR","potentialAction":[{"@type":"ReadAction","target":["https:\/\/aikido-ychoux.com\/index.php\/remboursements_retours\/"]}]},{"@type":"BreadcrumbList","@id":"https:\/\/aikido-ychoux.com\/index.php\/remboursements_retours\/#breadcrumb","itemListElement":[{"@type":"ListItem","position":1,"name":"Accueil","item":"https:\/\/aikido-ychoux.com\/"},{"@type":"ListItem","position":2,"name":"Conditions G\u00e9n\u00e9rales de Vente"}]},{"@type":"WebSite","@id":"https:\/\/aikido-ychoux.com\/#website","url":"https:\/\/aikido-ychoux.com\/","name":"A\u00efkido Ychoux","description":"Le site officiel du club d&#039;A\u00efkido de la ville d&#039;Ychoux","publisher":{"@id":"https:\/\/aikido-ychoux.com\/#organization"},"potentialAction":[{"@type":"SearchAction","target":{"@type":"EntryPoint","urlTemplate":"https:\/\/aikido-ychoux.com\/?s={search_term_string}"},"query-input":{"@type":"PropertyValueSpecification","valueRequired":true,"valueName":"search_term_string"}}],"inLanguage":"fr-FR"},{"@type":"Organization","@id":"https:\/\/aikido-ychoux.com\/#organization","name":"Budo Club Ychoussois","url":"https:\/\/aikido-ychoux.com\/","logo":{"@type":"ImageObject","inLanguage":"fr-FR","@id":"https:\/\/aikido-ychoux.com\/#\/schema\/logo\/image\/","url":"https:\/\/aikido-ychoux.com\/wp-content\/uploads\/2017\/08\/cropped-cercleYchouxCOL.png","contentUrl":"https:\/\/aikido-ychoux.com\/wp-content\/uploads\/2017\/08\/cropped-cercleYchouxCOL.png","width":512,"height":512,"caption":"Budo Club Ychoussois"},"image":{"@id":"https:\/\/aikido-ychoux.com\/#\/schema\/logo\/image\/"},"sameAs":["https:\/\/www.facebook.com\/budoclubychoux\/"]}]}},"_links":{"self":[{"href":"https:\/\/aikido-ychoux.com\/index.php\/wp-json\/wp\/v2\/pages\/1639","targetHints":{"allow":["GET"]}}],"collection":[{"href":"https:\/\/aikido-ychoux.com\/index.php\/wp-json\/wp\/v2\/pages"}],"about":[{"href":"https:\/\/aikido-ychoux.com\/index.php\/wp-json\/wp\/v2\/types\/page"}],"author":[{"embeddable":true,"href":"https:\/\/aikido-ychoux.com\/index.php\/wp-json\/wp\/v2\/users\/1"}],"replies":[{"embeddable":true,"href":"https:\/\/aikido-ychoux.com\/index.php\/wp-json\/wp\/v2\/comments?post=1639"}],"version-history":[{"count":3,"href":"https:\/\/aikido-ychoux.com\/index.php\/wp-json\/wp\/v2\/pages\/1639\/revisions"}],"predecessor-version":[{"id":239485,"href":"https:\/\/aikido-ychoux.com\/index.php\/wp-json\/wp\/v2\/pages\/1639\/revisions\/239485"}],"wp:attachment":[{"href":"https:\/\/aikido-ychoux.com\/index.php\/wp-json\/wp\/v2\/media?parent=1639"}],"curies":[{"name":"wp","href":"https:\/\/api.w.org\/{rel}","templated":true}]}}